{"id":144,"date":"2022-05-18T15:47:26","date_gmt":"2022-05-18T13:47:26","guid":{"rendered":"http:\/\/basaroca.com\/?page_id=144"},"modified":"2022-05-18T15:47:26","modified_gmt":"2022-05-18T13:47:26","slug":"activitats-nocturnes-escoles","status":"publish","type":"page","link":"http:\/\/basaroca.com\/en\/activitats-nocturnes-escoles\/","title":{"rendered":"Night activities"},"content":{"rendered":"\r\n<p>La nit ens ofereix un ambit on l\u00b4aprenentatge i el joc pren un caire especial.<\/p>\r\n\r\n\r\n\r\n<p>Des de la contemplaci\u00f3 dels estels fins els jocs de nit, ens acompanyar\u00e0 el cant de la basaroca.<\/p>\r\n\r\n\r\n\r\n<p><\/p>\r\n\r\n\r\n\r\n<h2 class=\"wp-block-heading\">Jocs de nit<\/h2>\r\n\r\n\r\n\r\n<p>Objectius:<\/p>\r\n\r\n\r\n\r\n<ul class=\"wp-block-list\"><li>Fomentar el joc en equip<\/li><li>Experimentar les noves sensacions que es produeixen en moure&#8217;s en un medi diferent de l&#8217;acostumat.<\/li><\/ul>\r\n\r\n\r\n\r\n<p><\/p>\r\n\r\n\r\n\r\n<h2 class=\"wp-block-heading\">Mirant el cel<\/h2>\r\n\r\n\r\n\r\n<p>Objectius:<\/p>\r\n\r\n\r\n\r\n<ul class=\"wp-block-list\"><li>Descobrir les constel.lacions m\u00e9s comunes<\/li><li>Desvetllar la curiositat per l\u00b4astronom\u00eda<\/li><\/ul>\r\n\r\n\r\n\r\n<p>Continguts: Reuni\u00f3 de tots els participants; de nit i a l&#8217;exterior de l&#8217;alberg (voltants) o al bosc. Activitats d&#8217;ensenyament-aprenentatge: Despr\u00e9s de la instal\u00b7laci\u00f3 del grup es procedir\u00e0 a la realitzaci\u00f3 d&#8217;una xerrada introduct\u00f2ria referent a l&#8217;activitat que es realitzar\u00e0.<\/p>\r\n\r\n\r\n\r\n<p><\/p>\r\n\r\n\r\n\r\n<h2 class=\"wp-block-heading\">Vetllada disco<\/h2>\r\n\r\n\r\n\r\n<p>Festa musical de comiat de l\u00b4estada.<\/p>\r\n","protected":false},"excerpt":{"rendered":"<p>La nit ens ofereix un ambit on l\u00b4aprenentatge i el joc pren un caire especial. Des de la contemplaci\u00f3 dels estels fins els jocs de nit, ens acompanyar\u00e0 el cant de la basaroca. Jocs de nit Objectius: Fomentar el joc en equip Experimentar les noves sensacions que es produeixen en moure&#8217;s en un medi diferent [&hellip;]<\/p>\n","protected":false},"author":1,"featured_media":0,"parent":0,"menu_order":0,"comment_status":"closed","ping_status":"closed","template":"","meta":{"footnotes":""},"class_list":["post-144","page","type-page","status-publish","hentry"],"yoast_head":"<!-- This site is optimized with the Yoast SEO plugin v27.3 - https:\/\/yoast.com\/product\/yoast-seo-wordpress\/ -->\n<title>Night activities<\/title>\n<meta name=\"description\" content=\"La nit ens ofereix un ambit on l\u00b4aprenentatge i el joc pren un caire especial. Des de la contemplaci\u00f3 dels estels fins els jocs de nit, ens acompanyar\u00e0 el cant de la basaroca. Jocs de nit Objectius: Fomentar el joc en equipExperimentar les noves sensacions que es produeixen en moure&#039;s en un medi diferent de&hellip;\" \/>\n<meta name=\"robots\" content=\"index, follow, max-snippet:-1, max-image-preview:large, max-video-preview:-1\" \/>\n<link rel=\"canonical\" href=\"\" \/>\n<meta property=\"og:locale\" content=\"en_US\" \/>\n<meta property=\"og:type\" content=\"article\" \/>\n<meta property=\"og:title\" content=\"Night activities\" \/>\n<meta property=\"og:description\" content=\"La nit ens ofereix un ambit on l\u00b4aprenentatge i el joc pren un caire especial. Des de la contemplaci\u00f3 dels estels fins els jocs de nit, ens acompanyar\u00e0 el cant de la basaroca. Jocs de nit Objectius: Fomentar el joc en equipExperimentar les noves sensacions que es produeixen en moure&#039;s en un medi diferent de&hellip;\" \/>\n<meta property=\"og:url\" content=\"http:\/\/basaroca.com\/en\/activitats-nocturnes-escoles\/\" \/>\n<meta property=\"og:site_name\" content=\"Basaroca Aventura\" \/>\n<meta property=\"article:publisher\" content=\"https:\/\/www.facebook.com\/basaroca.aventura\" \/>\n<meta name=\"twitter:card\" content=\"summary_large_image\" \/>\n<meta name=\"twitter:site\" content=\"@basarocaventura\" \/>\n<meta name=\"twitter:label1\" content=\"Est. reading time\" \/>\n\t<meta name=\"twitter:data1\" content=\"1 minute\" \/>\n<script type=\"application\/ld+json\" class=\"yoast-schema-graph\">{\"@context\":\"https:\\\/\\\/schema.org\",\"@graph\":[{\"@type\":\"WebPage\",\"@id\":\"http:\\\/\\\/basaroca.com\\\/en\\\/activitats-nocturnes-escoles\\\/\",\"url\":\"http:\\\/\\\/basaroca.com\\\/en\\\/activitats-nocturnes-escoles\\\/\",\"name\":\"Activitats nocturnes (escoles) - Basaroca Aventura\",\"isPartOf\":{\"@id\":\"http:\\\/\\\/basaroca.com\\\/#website\"},\"datePublished\":\"2022-05-18T13:47:26+00:00\",\"breadcrumb\":{\"@id\":\"http:\\\/\\\/basaroca.com\\\/en\\\/activitats-nocturnes-escoles\\\/#breadcrumb\"},\"inLanguage\":\"en-US\",\"potentialAction\":[{\"@type\":\"ReadAction\",\"target\":[\"http:\\\/\\\/basaroca.com\\\/en\\\/activitats-nocturnes-escoles\\\/\"]}]},{\"@type\":\"BreadcrumbList\",\"@id\":\"http:\\\/\\\/basaroca.com\\\/en\\\/activitats-nocturnes-escoles\\\/#breadcrumb\",\"itemListElement\":[{\"@type\":\"ListItem\",\"position\":1,\"name\":\"Basaroca Aventura\",\"item\":\"http:\\\/\\\/basaroca.com\\\/\"},{\"@type\":\"ListItem\",\"position\":2,\"name\":\"Night activities\"}]},{\"@type\":\"WebSite\",\"@id\":\"http:\\\/\\\/basaroca.com\\\/en\\\/#website\",\"url\":\"http:\\\/\\\/basaroca.com\\\/en\\\/\",\"name\":\"Basaroca Aventura\",\"description\":\"Company specialising an adventure sports and active lesiure\",\"publisher\":{\"@id\":\"http:\\\/\\\/basaroca.com\\\/en\\\/#organization\"},\"potentialAction\":[{\"@type\":\"SearchAction\",\"target\":{\"@type\":\"EntryPoint\",\"urlTemplate\":\"http:\\\/\\\/basaroca.com\\\/en\\\/?s={search_term_string}\"},\"query-input\":{\"@type\":\"PropertyValueSpecification\",\"valueRequired\":true,\"valueName\":\"search_term_string\"}}],\"inLanguage\":\"en-US\"},{\"@type\":\"Organization\",\"@id\":\"http:\\\/\\\/basaroca.com\\\/en\\\/#organization\",\"name\":\"Basaroca Aventura\",\"url\":\"http:\\\/\\\/basaroca.com\\\/en\\\/\",\"logo\":{\"@type\":\"ImageObject\",\"inLanguage\":\"en-US\",\"@id\":\"http:\\\/\\\/basaroca.com\\\/en\\\/#\\\/schema\\\/logo\\\/image\\\/\",\"url\":\"http:\\\/\\\/basaroca.com\\\/wp-content\\\/uploads\\\/2022\\\/04\\\/cropped-logo.png\",\"contentUrl\":\"http:\\\/\\\/basaroca.com\\\/wp-content\\\/uploads\\\/2022\\\/04\\\/cropped-logo.png\",\"width\":600,\"height\":123,\"caption\":\"Basaroca Aventura\"},\"image\":{\"@id\":\"http:\\\/\\\/basaroca.com\\\/en\\\/#\\\/schema\\\/logo\\\/image\\\/\"},\"sameAs\":[\"https:\\\/\\\/www.facebook.com\\\/basaroca.aventura\",\"https:\\\/\\\/x.com\\\/basarocaventura\",\"https:\\\/\\\/www.instagram.com\\\/basarocaaventura\\\/\"]}]}<\/script>\n<!-- \/ Yoast SEO plugin. -->","yoast_head_json":{"title":"Night activities","description":"La nit ens ofereix un ambit on l\u00b4aprenentatge i el joc pren un caire especial. Des de la contemplaci\u00f3 dels estels fins els jocs de nit, ens acompanyar\u00e0 el cant de la basaroca. Jocs de nit Objectius: Fomentar el joc en equipExperimentar les noves sensacions que es produeixen en moure's en un medi diferent de&hellip;","robots":{"index":"index","follow":"follow","max-snippet":"max-snippet:-1","max-image-preview":"max-image-preview:large","max-video-preview":"max-video-preview:-1"},"canonical":"La nit ens ofereix un ambit on l\u00b4aprenentatge i el joc pren un caire especial. Des de la contemplaci\u00f3 dels estels fins els jocs de nit, ens acompanyar\u00e0 el cant de la basaroca. Jocs de nit Objectius: Fomentar el joc en equipExperimentar les noves sensacions que es produeixen en moure's en un medi diferent de&hellip;","og_locale":"en_US","og_type":"article","og_title":"Night activities","og_description":"La nit ens ofereix un ambit on l\u00b4aprenentatge i el joc pren un caire especial. Des de la contemplaci\u00f3 dels estels fins els jocs de nit, ens acompanyar\u00e0 el cant de la basaroca. Jocs de nit Objectius: Fomentar el joc en equipExperimentar les noves sensacions que es produeixen en moure's en un medi diferent de&hellip;","og_url":"http:\/\/basaroca.com\/en\/activitats-nocturnes-escoles\/","og_site_name":"Basaroca Aventura","article_publisher":"https:\/\/www.facebook.com\/basaroca.aventura","twitter_card":"summary_large_image","twitter_site":"@basarocaventura","twitter_misc":{"Est. reading time":"1 minute"},"schema":{"@context":"https:\/\/schema.org","@graph":[{"@type":"WebPage","@id":"http:\/\/basaroca.com\/en\/activitats-nocturnes-escoles\/","url":"http:\/\/basaroca.com\/en\/activitats-nocturnes-escoles\/","name":"Activitats nocturnes (escoles) - Basaroca Aventura","isPartOf":{"@id":"http:\/\/basaroca.com\/#website"},"datePublished":"2022-05-18T13:47:26+00:00","breadcrumb":{"@id":"http:\/\/basaroca.com\/en\/activitats-nocturnes-escoles\/#breadcrumb"},"inLanguage":"en-US","potentialAction":[{"@type":"ReadAction","target":["http:\/\/basaroca.com\/en\/activitats-nocturnes-escoles\/"]}]},{"@type":"BreadcrumbList","@id":"http:\/\/basaroca.com\/en\/activitats-nocturnes-escoles\/#breadcrumb","itemListElement":[{"@type":"ListItem","position":1,"name":"Basaroca Aventura","item":"http:\/\/basaroca.com\/"},{"@type":"ListItem","position":2,"name":"Night activities"}]},{"@type":"WebSite","@id":"http:\/\/basaroca.com\/en\/#website","url":"http:\/\/basaroca.com\/en\/","name":"Basaroca Aventura","description":"Company specialising an adventure sports and active lesiure","publisher":{"@id":"http:\/\/basaroca.com\/en\/#organization"},"potentialAction":[{"@type":"SearchAction","target":{"@type":"EntryPoint","urlTemplate":"http:\/\/basaroca.com\/en\/?s={search_term_string}"},"query-input":{"@type":"PropertyValueSpecification","valueRequired":true,"valueName":"search_term_string"}}],"inLanguage":"en-US"},{"@type":"Organization","@id":"http:\/\/basaroca.com\/en\/#organization","name":"Basaroca Aventura","url":"http:\/\/basaroca.com\/en\/","logo":{"@type":"ImageObject","inLanguage":"en-US","@id":"http:\/\/basaroca.com\/en\/#\/schema\/logo\/image\/","url":"http:\/\/basaroca.com\/wp-content\/uploads\/2022\/04\/cropped-logo.png","contentUrl":"http:\/\/basaroca.com\/wp-content\/uploads\/2022\/04\/cropped-logo.png","width":600,"height":123,"caption":"Basaroca Aventura"},"image":{"@id":"http:\/\/basaroca.com\/en\/#\/schema\/logo\/image\/"},"sameAs":["https:\/\/www.facebook.com\/basaroca.aventura","https:\/\/x.com\/basarocaventura","https:\/\/www.instagram.com\/basarocaaventura\/"]}]}},"_links":{"self":[{"href":"http:\/\/basaroca.com\/en\/wp-json\/wp\/v2\/pages\/144","targetHints":{"allow":["GET"]}}],"collection":[{"href":"http:\/\/basaroca.com\/en\/wp-json\/wp\/v2\/pages"}],"about":[{"href":"http:\/\/basaroca.com\/en\/wp-json\/wp\/v2\/types\/page"}],"author":[{"embeddable":true,"href":"http:\/\/basaroca.com\/en\/wp-json\/wp\/v2\/users\/1"}],"replies":[{"embeddable":true,"href":"http:\/\/basaroca.com\/en\/wp-json\/wp\/v2\/comments?post=144"}],"version-history":[{"count":1,"href":"http:\/\/basaroca.com\/en\/wp-json\/wp\/v2\/pages\/144\/revisions"}],"predecessor-version":[{"id":145,"href":"http:\/\/basaroca.com\/en\/wp-json\/wp\/v2\/pages\/144\/revisions\/145"}],"wp:attachment":[{"href":"http:\/\/basaroca.com\/en\/wp-json\/wp\/v2\/media?parent=144"}],"curies":[{"name":"wp","href":"https:\/\/api.w.org\/{rel}","templated":true}]}}