{"id":146,"date":"2022-05-18T15:49:59","date_gmt":"2022-05-18T13:49:59","guid":{"rendered":"http:\/\/basaroca.com\/?page_id=146"},"modified":"2022-05-18T15:49:59","modified_gmt":"2022-05-18T13:49:59","slug":"itinerari-de-natura-i-cultura-de-muntanya","status":"publish","type":"page","link":"http:\/\/basaroca.com\/en\/nature-and-mountain-culture-routes\/","title":{"rendered":"Nature and mountain culture routes"},"content":{"rendered":"\r\n<p><strong>Objectius:<\/strong><\/p>\r\n\r\n\r\n\r\n<ul class=\"wp-block-list\"><li>Descobrir la riquesa natural i cultural de la zona mitjan\u00e7ant una activitat f\u00edsica en el medi.<\/li><li>Aprendre a caminar per la muntanya tot dosificant l&#8217;esfor\u00e7.<\/li><\/ul>\r\n\r\n\r\n\r\n<p><strong>M\u00e8tode:<\/strong><\/p>\r\n\r\n\r\n\r\n<ul class=\"wp-block-list\"><li>Observaci\u00f3 del paisatge, l&#8217;arquitectura i els costums de la zona i visita a diferents paratges i esgl\u00e8sies de la zona.<\/li><\/ul>\r\n\r\n\r\n\r\n<p>Continguts: excursi\u00f3 per la vall amb diferents possibilitats segons l&#8217;edat dels participants.<\/p>\r\n\r\n\r\n\r\n<p>Activitats d&#8217;ensenyament-aprenentatge: despr\u00e9s de la instal\u00b7laci\u00f3 del grup es procedir\u00e0 a la realitzaci\u00f3 d&#8217;una xerrada introduct\u00f2ria referent a les diferents activitats que es realitzaran durant el dia.<\/p>\r\n","protected":false},"excerpt":{"rendered":"<p>Objectius: Descobrir la riquesa natural i cultural de la zona mitjan\u00e7ant una activitat f\u00edsica en el medi. Aprendre a caminar per la muntanya tot dosificant l&#8217;esfor\u00e7. M\u00e8tode: Observaci\u00f3 del paisatge, l&#8217;arquitectura i els costums de la zona i visita a diferents paratges i esgl\u00e8sies de la zona. Continguts: excursi\u00f3 per la vall amb diferents possibilitats [&hellip;]<\/p>\n","protected":false},"author":1,"featured_media":147,"parent":0,"menu_order":0,"comment_status":"closed","ping_status":"closed","template":"","meta":{"footnotes":""},"class_list":["post-146","page","type-page","status-publish","has-post-thumbnail","hentry"],"yoast_head":"<!-- This site is optimized with the Yoast SEO plugin v27.4 - https:\/\/yoast.com\/product\/yoast-seo-wordpress\/ -->\n<title>Nature and mountain culture routes<\/title>\n<meta name=\"description\" content=\"Objectius: Descobrir la riquesa natural i cultural de la zona mitjan\u00e7ant una activitat f\u00edsica en el medi.Aprendre a caminar per la muntanya tot dosificant l&#039;esfor\u00e7. M\u00e8tode: Observaci\u00f3 del paisatge, l&#039;arquitectura i els costums de la zona i visita a diferents paratges i esgl\u00e8sies de la zona. Continguts: excursi\u00f3 per la vall amb diferents possibilitats segons&hellip;\" \/>\n<meta name=\"robots\" content=\"index, follow, max-snippet:-1, max-image-preview:large, max-video-preview:-1\" \/>\n<link rel=\"canonical\" href=\"\" \/>\n<meta property=\"og:locale\" content=\"en_US\" \/>\n<meta property=\"og:type\" content=\"article\" \/>\n<meta property=\"og:title\" content=\"Nature and mountain culture routes\" \/>\n<meta property=\"og:description\" content=\"Objectius: Descobrir la riquesa natural i cultural de la zona mitjan\u00e7ant una activitat f\u00edsica en el medi.Aprendre a caminar per la muntanya tot dosificant l&#039;esfor\u00e7. M\u00e8tode: Observaci\u00f3 del paisatge, l&#039;arquitectura i els costums de la zona i visita a diferents paratges i esgl\u00e8sies de la zona. Continguts: excursi\u00f3 per la vall amb diferents possibilitats segons&hellip;\" \/>\n<meta property=\"og:url\" content=\"http:\/\/basaroca.com\/en\/nature-and-mountain-culture-routes\/\" \/>\n<meta property=\"og:site_name\" content=\"Basaroca Aventura\" \/>\n<meta property=\"article:publisher\" content=\"https:\/\/www.facebook.com\/basaroca.aventura\" \/>\n<meta property=\"og:image\" content=\"http:\/\/basaroca.com\/wp-content\/uploads\/2022\/05\/cerdanya.jpg\" \/>\n\t<meta property=\"og:image:width\" content=\"1024\" \/>\n\t<meta property=\"og:image:height\" content=\"768\" \/>\n\t<meta property=\"og:image:type\" content=\"image\/jpeg\" \/>\n<meta name=\"twitter:card\" content=\"summary_large_image\" \/>\n<meta name=\"twitter:site\" content=\"@basarocaventura\" \/>\n<script type=\"application\/ld+json\" class=\"yoast-schema-graph\">{\"@context\":\"https:\\\/\\\/schema.org\",\"@graph\":[{\"@type\":\"WebPage\",\"@id\":\"http:\\\/\\\/basaroca.com\\\/en\\\/nature-and-mountain-culture-routes\\\/\",\"url\":\"http:\\\/\\\/basaroca.com\\\/en\\\/nature-and-mountain-culture-routes\\\/\",\"name\":\"Itinerari de natura i cultura de muntanya - Basaroca Aventura\",\"isPartOf\":{\"@id\":\"http:\\\/\\\/basaroca.com\\\/#website\"},\"primaryImageOfPage\":{\"@id\":\"http:\\\/\\\/basaroca.com\\\/en\\\/nature-and-mountain-culture-routes\\\/#primaryimage\"},\"image\":{\"@id\":\"http:\\\/\\\/basaroca.com\\\/en\\\/nature-and-mountain-culture-routes\\\/#primaryimage\"},\"thumbnailUrl\":\"http:\\\/\\\/basaroca.com\\\/wp-content\\\/uploads\\\/2022\\\/05\\\/cerdanya.jpg\",\"datePublished\":\"2022-05-18T13:49:59+00:00\",\"breadcrumb\":{\"@id\":\"http:\\\/\\\/basaroca.com\\\/en\\\/nature-and-mountain-culture-routes\\\/#breadcrumb\"},\"inLanguage\":\"en-US\",\"potentialAction\":[{\"@type\":\"ReadAction\",\"target\":[\"http:\\\/\\\/basaroca.com\\\/en\\\/nature-and-mountain-culture-routes\\\/\"]}]},{\"@type\":\"ImageObject\",\"inLanguage\":\"en-US\",\"@id\":\"http:\\\/\\\/basaroca.com\\\/en\\\/nature-and-mountain-culture-routes\\\/#primaryimage\",\"url\":\"http:\\\/\\\/basaroca.com\\\/wp-content\\\/uploads\\\/2022\\\/05\\\/cerdanya.jpg\",\"contentUrl\":\"http:\\\/\\\/basaroca.com\\\/wp-content\\\/uploads\\\/2022\\\/05\\\/cerdanya.jpg\",\"width\":1024,\"height\":768,\"caption\":\"Cerdanya\"},{\"@type\":\"BreadcrumbList\",\"@id\":\"http:\\\/\\\/basaroca.com\\\/en\\\/nature-and-mountain-culture-routes\\\/#breadcrumb\",\"itemListElement\":[{\"@type\":\"ListItem\",\"position\":1,\"name\":\"Basaroca Aventura\",\"item\":\"http:\\\/\\\/basaroca.com\\\/\"},{\"@type\":\"ListItem\",\"position\":2,\"name\":\"Nature and mountain culture routes\"}]},{\"@type\":\"WebSite\",\"@id\":\"http:\\\/\\\/basaroca.com\\\/en\\\/#website\",\"url\":\"http:\\\/\\\/basaroca.com\\\/en\\\/\",\"name\":\"Basaroca Aventura\",\"description\":\"Company specialising an adventure sports and active lesiure\",\"publisher\":{\"@id\":\"http:\\\/\\\/basaroca.com\\\/en\\\/#organization\"},\"potentialAction\":[{\"@type\":\"SearchAction\",\"target\":{\"@type\":\"EntryPoint\",\"urlTemplate\":\"http:\\\/\\\/basaroca.com\\\/en\\\/?s={search_term_string}\"},\"query-input\":{\"@type\":\"PropertyValueSpecification\",\"valueRequired\":true,\"valueName\":\"search_term_string\"}}],\"inLanguage\":\"en-US\"},{\"@type\":\"Organization\",\"@id\":\"http:\\\/\\\/basaroca.com\\\/en\\\/#organization\",\"name\":\"Basaroca Aventura\",\"url\":\"http:\\\/\\\/basaroca.com\\\/en\\\/\",\"logo\":{\"@type\":\"ImageObject\",\"inLanguage\":\"en-US\",\"@id\":\"http:\\\/\\\/basaroca.com\\\/en\\\/#\\\/schema\\\/logo\\\/image\\\/\",\"url\":\"http:\\\/\\\/basaroca.com\\\/wp-content\\\/uploads\\\/2022\\\/04\\\/cropped-logo.png\",\"contentUrl\":\"http:\\\/\\\/basaroca.com\\\/wp-content\\\/uploads\\\/2022\\\/04\\\/cropped-logo.png\",\"width\":600,\"height\":123,\"caption\":\"Basaroca Aventura\"},\"image\":{\"@id\":\"http:\\\/\\\/basaroca.com\\\/en\\\/#\\\/schema\\\/logo\\\/image\\\/\"},\"sameAs\":[\"https:\\\/\\\/www.facebook.com\\\/basaroca.aventura\",\"https:\\\/\\\/x.com\\\/basarocaventura\",\"https:\\\/\\\/www.instagram.com\\\/basarocaaventura\\\/\"]}]}<\/script>\n<!-- \/ Yoast SEO plugin. -->","yoast_head_json":{"title":"Nature and mountain culture routes","description":"Objectius: Descobrir la riquesa natural i cultural de la zona mitjan\u00e7ant una activitat f\u00edsica en el medi.Aprendre a caminar per la muntanya tot dosificant l'esfor\u00e7. M\u00e8tode: Observaci\u00f3 del paisatge, l'arquitectura i els costums de la zona i visita a diferents paratges i esgl\u00e8sies de la zona. Continguts: excursi\u00f3 per la vall amb diferents possibilitats segons&hellip;","robots":{"index":"index","follow":"follow","max-snippet":"max-snippet:-1","max-image-preview":"max-image-preview:large","max-video-preview":"max-video-preview:-1"},"canonical":"Objectius: Descobrir la riquesa natural i cultural de la zona mitjan\u00e7ant una activitat f\u00edsica en el medi.Aprendre a caminar per la muntanya tot dosificant l'esfor\u00e7. M\u00e8tode: Observaci\u00f3 del paisatge, l'arquitectura i els costums de la zona i visita a diferents paratges i esgl\u00e8sies de la zona. Continguts: excursi\u00f3 per la vall amb diferents possibilitats segons&hellip;","og_locale":"en_US","og_type":"article","og_title":"Nature and mountain culture routes","og_description":"Objectius: Descobrir la riquesa natural i cultural de la zona mitjan\u00e7ant una activitat f\u00edsica en el medi.Aprendre a caminar per la muntanya tot dosificant l'esfor\u00e7. M\u00e8tode: Observaci\u00f3 del paisatge, l'arquitectura i els costums de la zona i visita a diferents paratges i esgl\u00e8sies de la zona. Continguts: excursi\u00f3 per la vall amb diferents possibilitats segons&hellip;","og_url":"http:\/\/basaroca.com\/en\/nature-and-mountain-culture-routes\/","og_site_name":"Basaroca Aventura","article_publisher":"https:\/\/www.facebook.com\/basaroca.aventura","og_image":[{"width":1024,"height":768,"url":"http:\/\/basaroca.com\/wp-content\/uploads\/2022\/05\/cerdanya.jpg","type":"image\/jpeg"}],"twitter_card":"summary_large_image","twitter_site":"@basarocaventura","schema":{"@context":"https:\/\/schema.org","@graph":[{"@type":"WebPage","@id":"http:\/\/basaroca.com\/en\/nature-and-mountain-culture-routes\/","url":"http:\/\/basaroca.com\/en\/nature-and-mountain-culture-routes\/","name":"Itinerari de natura i cultura de muntanya - Basaroca Aventura","isPartOf":{"@id":"http:\/\/basaroca.com\/#website"},"primaryImageOfPage":{"@id":"http:\/\/basaroca.com\/en\/nature-and-mountain-culture-routes\/#primaryimage"},"image":{"@id":"http:\/\/basaroca.com\/en\/nature-and-mountain-culture-routes\/#primaryimage"},"thumbnailUrl":"http:\/\/basaroca.com\/wp-content\/uploads\/2022\/05\/cerdanya.jpg","datePublished":"2022-05-18T13:49:59+00:00","breadcrumb":{"@id":"http:\/\/basaroca.com\/en\/nature-and-mountain-culture-routes\/#breadcrumb"},"inLanguage":"en-US","potentialAction":[{"@type":"ReadAction","target":["http:\/\/basaroca.com\/en\/nature-and-mountain-culture-routes\/"]}]},{"@type":"ImageObject","inLanguage":"en-US","@id":"http:\/\/basaroca.com\/en\/nature-and-mountain-culture-routes\/#primaryimage","url":"http:\/\/basaroca.com\/wp-content\/uploads\/2022\/05\/cerdanya.jpg","contentUrl":"http:\/\/basaroca.com\/wp-content\/uploads\/2022\/05\/cerdanya.jpg","width":1024,"height":768,"caption":"Cerdanya"},{"@type":"BreadcrumbList","@id":"http:\/\/basaroca.com\/en\/nature-and-mountain-culture-routes\/#breadcrumb","itemListElement":[{"@type":"ListItem","position":1,"name":"Basaroca Aventura","item":"http:\/\/basaroca.com\/"},{"@type":"ListItem","position":2,"name":"Nature and mountain culture routes"}]},{"@type":"WebSite","@id":"http:\/\/basaroca.com\/en\/#website","url":"http:\/\/basaroca.com\/en\/","name":"Basaroca Aventura","description":"Company specialising an adventure sports and active lesiure","publisher":{"@id":"http:\/\/basaroca.com\/en\/#organization"},"potentialAction":[{"@type":"SearchAction","target":{"@type":"EntryPoint","urlTemplate":"http:\/\/basaroca.com\/en\/?s={search_term_string}"},"query-input":{"@type":"PropertyValueSpecification","valueRequired":true,"valueName":"search_term_string"}}],"inLanguage":"en-US"},{"@type":"Organization","@id":"http:\/\/basaroca.com\/en\/#organization","name":"Basaroca Aventura","url":"http:\/\/basaroca.com\/en\/","logo":{"@type":"ImageObject","inLanguage":"en-US","@id":"http:\/\/basaroca.com\/en\/#\/schema\/logo\/image\/","url":"http:\/\/basaroca.com\/wp-content\/uploads\/2022\/04\/cropped-logo.png","contentUrl":"http:\/\/basaroca.com\/wp-content\/uploads\/2022\/04\/cropped-logo.png","width":600,"height":123,"caption":"Basaroca Aventura"},"image":{"@id":"http:\/\/basaroca.com\/en\/#\/schema\/logo\/image\/"},"sameAs":["https:\/\/www.facebook.com\/basaroca.aventura","https:\/\/x.com\/basarocaventura","https:\/\/www.instagram.com\/basarocaaventura\/"]}]}},"_links":{"self":[{"href":"http:\/\/basaroca.com\/en\/wp-json\/wp\/v2\/pages\/146","targetHints":{"allow":["GET"]}}],"collection":[{"href":"http:\/\/basaroca.com\/en\/wp-json\/wp\/v2\/pages"}],"about":[{"href":"http:\/\/basaroca.com\/en\/wp-json\/wp\/v2\/types\/page"}],"author":[{"embeddable":true,"href":"http:\/\/basaroca.com\/en\/wp-json\/wp\/v2\/users\/1"}],"replies":[{"embeddable":true,"href":"http:\/\/basaroca.com\/en\/wp-json\/wp\/v2\/comments?post=146"}],"version-history":[{"count":1,"href":"http:\/\/basaroca.com\/en\/wp-json\/wp\/v2\/pages\/146\/revisions"}],"predecessor-version":[{"id":148,"href":"http:\/\/basaroca.com\/en\/wp-json\/wp\/v2\/pages\/146\/revisions\/148"}],"wp:featuredmedia":[{"embeddable":true,"href":"http:\/\/basaroca.com\/en\/wp-json\/wp\/v2\/media\/147"}],"wp:attachment":[{"href":"http:\/\/basaroca.com\/en\/wp-json\/wp\/v2\/media?parent=146"}],"curies":[{"name":"wp","href":"https:\/\/api.w.org\/{rel}","templated":true}]}}