{"id":112,"date":"2022-05-18T15:16:51","date_gmt":"2022-05-18T13:16:51","guid":{"rendered":"http:\/\/basaroca.com\/?page_id=112"},"modified":"2022-05-18T15:16:51","modified_gmt":"2022-05-18T13:16:51","slug":"vies-ferrades","status":"publish","type":"page","link":"http:\/\/basaroca.com\/es\/vias-ferratas\/","title":{"rendered":"V\u00edas ferratas"},"content":{"rendered":"\r\n<p>Durante la primera guerra mundial, a las Dolomites, el ejercito italiano equip\u00f3 en las paredes  diferentes rutas con elementos artificiales -escalones de hierro, cables&#8230;- Esto permiti\u00f3 a las tropas moverse con agilidad por un terreno escarpado al poder superar con facilidad aquellos accidentes geogr\u00e1ficos que les inpedian el paso.<\/p>\r\n\r\n\r\n\r\n<div class=\"wp-block-image\"><figure class=\"aligncenter size-full\"><img loading=\"lazy\" decoding=\"async\" width=\"375\" height=\"500\" src=\"http:\/\/basaroca.com\/wp-content\/uploads\/2022\/05\/feratasm01.jpeg\" alt=\"Vies ferrades\" class=\"wp-image-114\" srcset=\"http:\/\/basaroca.com\/wp-content\/uploads\/2022\/05\/feratasm01.jpeg 375w, http:\/\/basaroca.com\/wp-content\/uploads\/2022\/05\/feratasm01-225x300.jpeg 225w\" sizes=\"auto, (max-width: 375px) 100vw, 375px\" \/><\/figure><\/div>\r\n\r\n\r\n\r\n<p>Hoy en dia, les llamamos vias ferratas a los diferentes itinerarios que, partiendo de aquella idea, nos permiten vivir la experiencia de progresar por una gran pared con seguridad y sin la necesidad de tener los conocimientos t\u00e9cnicos de un escalador.<\/p>\r\n\r\n\r\n\r\n<div class=\"wp-block-image\"><figure class=\"aligncenter size-full\"><img loading=\"lazy\" decoding=\"async\" width=\"400\" height=\"603\" src=\"http:\/\/basaroca.com\/wp-content\/uploads\/2022\/05\/ferrada01.jpeg\" alt=\"Vies ferrades\" class=\"wp-image-115\" srcset=\"http:\/\/basaroca.com\/wp-content\/uploads\/2022\/05\/ferrada01.jpeg 400w, http:\/\/basaroca.com\/wp-content\/uploads\/2022\/05\/ferrada01-199x300.jpeg 199w\" sizes=\"auto, (max-width: 400px) 100vw, 400px\" \/><\/figure><\/div>\r\n\r\n\r\n\r\n<p><\/p>\r\n\r\n\r\n\r\n<p><strong>INICIACI\u00d3N: 35\u20ac<\/strong><\/p>\r\n\r\n\r\n\r\n<p><strong>PERFECCIONAMIENTO: 50\u20ac<\/strong><\/p>\r\n\r\n\r\n\r\n<ul class=\"wp-block-list\"><li>Incluye : Disipadores de caida y material t\u00e9cnico<\/li><li>Llevar calzado de monta\u00f1a.<\/li><\/ul>\r\n\r\n\r\n\r\n<p><\/p>\r\n","protected":false},"excerpt":{"rendered":"<p>Durante la primera guerra mundial, a las Dolomites, el ejercito italiano equip\u00f3 en las paredes diferentes rutas con elementos artificiales -escalones de hierro, cables&#8230;- Esto permiti\u00f3 a las tropas moverse con agilidad por un terreno escarpado al poder superar con facilidad aquellos accidentes geogr\u00e1ficos que les inpedian el paso. Hoy en dia, les llamamos vias [&hellip;]<\/p>\n","protected":false},"author":1,"featured_media":113,"parent":0,"menu_order":0,"comment_status":"closed","ping_status":"closed","template":"","meta":{"footnotes":""},"class_list":["post-112","page","type-page","status-publish","has-post-thumbnail","hentry"],"yoast_head":"<!-- This site is optimized with the Yoast SEO plugin v27.4 - https:\/\/yoast.com\/product\/yoast-seo-wordpress\/ -->\n<title>V\u00edas ferratas<\/title>\n<meta name=\"description\" content=\"Durante la primera guerra mundial, a las Dolomites, el ejercito italiano equip\u00f3 en las paredes diferentes rutas con elementos artificiales -escalones de hierro, cables...- Esto permiti\u00f3 a las tropas moverse con agilidad por un terreno escarpado al poder superar con facilidad aquellos accidentes geogr\u00e1ficos que les inpedian el paso. Hoy en dia, les llamamos vias&hellip;\" \/>\n<meta name=\"robots\" content=\"index, follow, max-snippet:-1, max-image-preview:large, max-video-preview:-1\" \/>\n<link rel=\"canonical\" href=\"http:\/\/Durante%20la%20primera%20guerra%20mundial,%20a%20las%20Dolomites,%20el%20ejercito%20italiano%20equip\u00f3%20en%20las%20paredes%20diferentes%20rutas%20con%20elementos%20artificiales%20-escalones%20de%20hierro,%20cables...-%20Esto%20permiti\u00f3%20a%20las%20tropas%20moverse%20con%20agilidad%20por%20un%20terreno%20escarpado%20al%20poder%20superar%20con%20facilidad%20aquellos%20accidentes%20geogr\u00e1ficos%20que%20les%20inpedian%20el%20paso.%20Hoy%20en%20dia,%20les%20llamamos%20vias&hellip;\" \/>\n<meta property=\"og:locale\" content=\"es_ES\" \/>\n<meta property=\"og:type\" content=\"article\" \/>\n<meta property=\"og:title\" content=\"V\u00edas ferratas\" \/>\n<meta property=\"og:description\" content=\"Durante la primera guerra mundial, a las Dolomites, el ejercito italiano equip\u00f3 en las paredes diferentes rutas con elementos artificiales -escalones de hierro, cables...- Esto permiti\u00f3 a las tropas moverse con agilidad por un terreno escarpado al poder superar con facilidad aquellos accidentes geogr\u00e1ficos que les inpedian el paso. Hoy en dia, les llamamos vias&hellip;\" \/>\n<meta property=\"og:url\" content=\"http:\/\/basaroca.com\/es\/vias-ferratas\/\" \/>\n<meta property=\"og:site_name\" content=\"Basaroca Aventura\" \/>\n<meta property=\"article:publisher\" content=\"https:\/\/www.facebook.com\/basaroca.aventura\" \/>\n<meta property=\"og:image\" content=\"http:\/\/basaroca.com\/wp-content\/uploads\/2022\/05\/vies_ferrades.jpg\" \/>\n\t<meta property=\"og:image:width\" content=\"1024\" \/>\n\t<meta property=\"og:image:height\" content=\"768\" \/>\n\t<meta property=\"og:image:type\" content=\"image\/jpeg\" \/>\n<meta name=\"twitter:card\" content=\"summary_large_image\" \/>\n<meta name=\"twitter:site\" content=\"@basarocaventura\" \/>\n<meta name=\"twitter:label1\" content=\"Tiempo de lectura\" \/>\n\t<meta name=\"twitter:data1\" content=\"1 minuto\" \/>\n<script type=\"application\/ld+json\" class=\"yoast-schema-graph\">{\"@context\":\"https:\\\/\\\/schema.org\",\"@graph\":[{\"@type\":\"WebPage\",\"@id\":\"http:\\\/\\\/basaroca.com\\\/es\\\/vias-ferratas\\\/\",\"url\":\"http:\\\/\\\/basaroca.com\\\/es\\\/vias-ferratas\\\/\",\"name\":\"Vies ferrades - Basaroca Aventura\",\"isPartOf\":{\"@id\":\"http:\\\/\\\/basaroca.com\\\/#website\"},\"primaryImageOfPage\":{\"@id\":\"http:\\\/\\\/basaroca.com\\\/es\\\/vias-ferratas\\\/#primaryimage\"},\"image\":{\"@id\":\"http:\\\/\\\/basaroca.com\\\/es\\\/vias-ferratas\\\/#primaryimage\"},\"thumbnailUrl\":\"http:\\\/\\\/basaroca.com\\\/wp-content\\\/uploads\\\/2022\\\/05\\\/vies_ferrades.jpg\",\"datePublished\":\"2022-05-18T13:16:51+00:00\",\"breadcrumb\":{\"@id\":\"http:\\\/\\\/basaroca.com\\\/es\\\/vias-ferratas\\\/#breadcrumb\"},\"inLanguage\":\"es\",\"potentialAction\":[{\"@type\":\"ReadAction\",\"target\":[\"http:\\\/\\\/basaroca.com\\\/es\\\/vias-ferratas\\\/\"]}]},{\"@type\":\"ImageObject\",\"inLanguage\":\"es\",\"@id\":\"http:\\\/\\\/basaroca.com\\\/es\\\/vias-ferratas\\\/#primaryimage\",\"url\":\"http:\\\/\\\/basaroca.com\\\/wp-content\\\/uploads\\\/2022\\\/05\\\/vies_ferrades.jpg\",\"contentUrl\":\"http:\\\/\\\/basaroca.com\\\/wp-content\\\/uploads\\\/2022\\\/05\\\/vies_ferrades.jpg\",\"width\":1024,\"height\":768,\"caption\":\"Vies ferrades\"},{\"@type\":\"BreadcrumbList\",\"@id\":\"http:\\\/\\\/basaroca.com\\\/es\\\/vias-ferratas\\\/#breadcrumb\",\"itemListElement\":[{\"@type\":\"ListItem\",\"position\":1,\"name\":\"Basaroca Aventura\",\"item\":\"http:\\\/\\\/basaroca.com\\\/\"},{\"@type\":\"ListItem\",\"position\":2,\"name\":\"V\u00edas ferratas\"}]},{\"@type\":\"WebSite\",\"@id\":\"http:\\\/\\\/basaroca.com\\\/es\\\/#website\",\"url\":\"http:\\\/\\\/basaroca.com\\\/es\\\/\",\"name\":\"Basaroca Aventura\",\"description\":\"Empresa de deportes de aventura y ocio activo\",\"publisher\":{\"@id\":\"http:\\\/\\\/basaroca.com\\\/es\\\/#organization\"},\"potentialAction\":[{\"@type\":\"SearchAction\",\"target\":{\"@type\":\"EntryPoint\",\"urlTemplate\":\"http:\\\/\\\/basaroca.com\\\/es\\\/?s={search_term_string}\"},\"query-input\":{\"@type\":\"PropertyValueSpecification\",\"valueRequired\":true,\"valueName\":\"search_term_string\"}}],\"inLanguage\":\"es\"},{\"@type\":\"Organization\",\"@id\":\"http:\\\/\\\/basaroca.com\\\/es\\\/#organization\",\"name\":\"Basaroca Aventura\",\"url\":\"http:\\\/\\\/basaroca.com\\\/es\\\/\",\"logo\":{\"@type\":\"ImageObject\",\"inLanguage\":\"es\",\"@id\":\"http:\\\/\\\/basaroca.com\\\/es\\\/#\\\/schema\\\/logo\\\/image\\\/\",\"url\":\"http:\\\/\\\/basaroca.com\\\/wp-content\\\/uploads\\\/2022\\\/04\\\/cropped-logo.png\",\"contentUrl\":\"http:\\\/\\\/basaroca.com\\\/wp-content\\\/uploads\\\/2022\\\/04\\\/cropped-logo.png\",\"width\":600,\"height\":123,\"caption\":\"Basaroca Aventura\"},\"image\":{\"@id\":\"http:\\\/\\\/basaroca.com\\\/es\\\/#\\\/schema\\\/logo\\\/image\\\/\"},\"sameAs\":[\"https:\\\/\\\/www.facebook.com\\\/basaroca.aventura\",\"https:\\\/\\\/x.com\\\/basarocaventura\",\"https:\\\/\\\/www.instagram.com\\\/basarocaaventura\\\/\"]}]}<\/script>\n<!-- \/ Yoast SEO plugin. -->","yoast_head_json":{"title":"V\u00edas ferratas","description":"Durante la primera guerra mundial, a las Dolomites, el ejercito italiano equip\u00f3 en las paredes diferentes rutas con elementos artificiales -escalones de hierro, cables...- Esto permiti\u00f3 a las tropas moverse con agilidad por un terreno escarpado al poder superar con facilidad aquellos accidentes geogr\u00e1ficos que les inpedian el paso. Hoy en dia, les llamamos vias&hellip;","robots":{"index":"index","follow":"follow","max-snippet":"max-snippet:-1","max-image-preview":"max-image-preview:large","max-video-preview":"max-video-preview:-1"},"canonical":"Durante la primera guerra mundial, a las Dolomites, el ejercito italiano equip\u00f3 en las paredes diferentes rutas con elementos artificiales -escalones de hierro, cables...- Esto permiti\u00f3 a las tropas moverse con agilidad por un terreno escarpado al poder superar con facilidad aquellos accidentes geogr\u00e1ficos que les inpedian el paso. Hoy en dia, les llamamos vias&hellip;","og_locale":"es_ES","og_type":"article","og_title":"V\u00edas ferratas","og_description":"Durante la primera guerra mundial, a las Dolomites, el ejercito italiano equip\u00f3 en las paredes diferentes rutas con elementos artificiales -escalones de hierro, cables...- Esto permiti\u00f3 a las tropas moverse con agilidad por un terreno escarpado al poder superar con facilidad aquellos accidentes geogr\u00e1ficos que les inpedian el paso. Hoy en dia, les llamamos vias&hellip;","og_url":"http:\/\/basaroca.com\/es\/vias-ferratas\/","og_site_name":"Basaroca Aventura","article_publisher":"https:\/\/www.facebook.com\/basaroca.aventura","og_image":[{"width":1024,"height":768,"url":"http:\/\/basaroca.com\/wp-content\/uploads\/2022\/05\/vies_ferrades.jpg","type":"image\/jpeg"}],"twitter_card":"summary_large_image","twitter_site":"@basarocaventura","twitter_misc":{"Tiempo de lectura":"1 minuto"},"schema":{"@context":"https:\/\/schema.org","@graph":[{"@type":"WebPage","@id":"http:\/\/basaroca.com\/es\/vias-ferratas\/","url":"http:\/\/basaroca.com\/es\/vias-ferratas\/","name":"Vies ferrades - Basaroca Aventura","isPartOf":{"@id":"http:\/\/basaroca.com\/#website"},"primaryImageOfPage":{"@id":"http:\/\/basaroca.com\/es\/vias-ferratas\/#primaryimage"},"image":{"@id":"http:\/\/basaroca.com\/es\/vias-ferratas\/#primaryimage"},"thumbnailUrl":"http:\/\/basaroca.com\/wp-content\/uploads\/2022\/05\/vies_ferrades.jpg","datePublished":"2022-05-18T13:16:51+00:00","breadcrumb":{"@id":"http:\/\/basaroca.com\/es\/vias-ferratas\/#breadcrumb"},"inLanguage":"es","potentialAction":[{"@type":"ReadAction","target":["http:\/\/basaroca.com\/es\/vias-ferratas\/"]}]},{"@type":"ImageObject","inLanguage":"es","@id":"http:\/\/basaroca.com\/es\/vias-ferratas\/#primaryimage","url":"http:\/\/basaroca.com\/wp-content\/uploads\/2022\/05\/vies_ferrades.jpg","contentUrl":"http:\/\/basaroca.com\/wp-content\/uploads\/2022\/05\/vies_ferrades.jpg","width":1024,"height":768,"caption":"Vies ferrades"},{"@type":"BreadcrumbList","@id":"http:\/\/basaroca.com\/es\/vias-ferratas\/#breadcrumb","itemListElement":[{"@type":"ListItem","position":1,"name":"Basaroca Aventura","item":"http:\/\/basaroca.com\/"},{"@type":"ListItem","position":2,"name":"V\u00edas ferratas"}]},{"@type":"WebSite","@id":"http:\/\/basaroca.com\/es\/#website","url":"http:\/\/basaroca.com\/es\/","name":"Basaroca Aventura","description":"Empresa de deportes de aventura y ocio activo","publisher":{"@id":"http:\/\/basaroca.com\/es\/#organization"},"potentialAction":[{"@type":"SearchAction","target":{"@type":"EntryPoint","urlTemplate":"http:\/\/basaroca.com\/es\/?s={search_term_string}"},"query-input":{"@type":"PropertyValueSpecification","valueRequired":true,"valueName":"search_term_string"}}],"inLanguage":"es"},{"@type":"Organization","@id":"http:\/\/basaroca.com\/es\/#organization","name":"Basaroca Aventura","url":"http:\/\/basaroca.com\/es\/","logo":{"@type":"ImageObject","inLanguage":"es","@id":"http:\/\/basaroca.com\/es\/#\/schema\/logo\/image\/","url":"http:\/\/basaroca.com\/wp-content\/uploads\/2022\/04\/cropped-logo.png","contentUrl":"http:\/\/basaroca.com\/wp-content\/uploads\/2022\/04\/cropped-logo.png","width":600,"height":123,"caption":"Basaroca Aventura"},"image":{"@id":"http:\/\/basaroca.com\/es\/#\/schema\/logo\/image\/"},"sameAs":["https:\/\/www.facebook.com\/basaroca.aventura","https:\/\/x.com\/basarocaventura","https:\/\/www.instagram.com\/basarocaaventura\/"]}]}},"_links":{"self":[{"href":"http:\/\/basaroca.com\/es\/wp-json\/wp\/v2\/pages\/112","targetHints":{"allow":["GET"]}}],"collection":[{"href":"http:\/\/basaroca.com\/es\/wp-json\/wp\/v2\/pages"}],"about":[{"href":"http:\/\/basaroca.com\/es\/wp-json\/wp\/v2\/types\/page"}],"author":[{"embeddable":true,"href":"http:\/\/basaroca.com\/es\/wp-json\/wp\/v2\/users\/1"}],"replies":[{"embeddable":true,"href":"http:\/\/basaroca.com\/es\/wp-json\/wp\/v2\/comments?post=112"}],"version-history":[{"count":1,"href":"http:\/\/basaroca.com\/es\/wp-json\/wp\/v2\/pages\/112\/revisions"}],"predecessor-version":[{"id":116,"href":"http:\/\/basaroca.com\/es\/wp-json\/wp\/v2\/pages\/112\/revisions\/116"}],"wp:featuredmedia":[{"embeddable":true,"href":"http:\/\/basaroca.com\/es\/wp-json\/wp\/v2\/media\/113"}],"wp:attachment":[{"href":"http:\/\/basaroca.com\/es\/wp-json\/wp\/v2\/media?parent=112"}],"curies":[{"name":"wp","href":"https:\/\/api.w.org\/{rel}","templated":true}]}}