{"id":118,"date":"2022-05-18T15:25:47","date_gmt":"2022-05-18T13:25:47","guid":{"rendered":"http:\/\/basaroca.com\/?page_id=118"},"modified":"2022-05-31T12:45:05","modified_gmt":"2022-05-31T10:45:05","slug":"activitats-nocturnes","status":"publish","type":"page","link":"http:\/\/basaroca.com\/es\/actividades-nocturnas\/","title":{"rendered":"Actividades nocturnas"},"content":{"rendered":"\r\n<h2 class=\"wp-block-heading\">V\u00eda ferrata<\/h2>\r\n\r\n\r\n\r\n\r\n<p>Haremos una ferrata de iniciaci\u00f3n de noche ayudados por la luz de un frontal y con un poco de suerte acompa\u00f1ados por la luna.<\/p>\r\n\r\n\r\n\r\n\r\n\r\n<p><strong>Precio: 40 \u20ac<\/strong><\/p>\r\n\r\n\r\n\r\n\r\n\r\n\r\n\r\n\r\n<h2 class=\"wp-block-heading\">Raquetas de nieve<\/h2>\r\n\r\n\r\n\r\n\r\n<p>Iniciaci\u00f3n: 2-3h.<\/p>\r\n\r\n\r\n\r\n\r\n\r\n<p><strong>Precio: 35 \u20ac<\/strong><\/p>\r\n\r\n\r\n\r\n\r\n\r\n<p>Cimas y traves\u00edas: 4-5h.<\/p>\r\n\r\n\r\n\r\n\r\n\r\n<p><strong>Precio: 40 \u20ac<\/strong><\/p>\r\n\r\n\r\n\r\n\r\n<figure class=\"wp-block-image size-full is-resized\"><img loading=\"lazy\" decoding=\"async\" class=\"wp-image-121\" src=\"http:\/\/basaroca.com\/wp-content\/uploads\/2022\/05\/raquetes_nocturna1.jpeg\" alt=\"Activitats nocturnes\" width=\"612\" height=\"459\" \/><\/figure>","protected":false},"excerpt":{"rendered":"<p>V\u00eda ferrata Haremos una ferrata de iniciaci\u00f3n de noche ayudados por la luz de un frontal y con un poco de suerte acompa\u00f1ados por la luna. Precio: 40 \u20ac Raquetas de nieve Iniciaci\u00f3n: 2-3h. Precio: 35 \u20ac Cimas y traves\u00edas: 4-5h. Precio: 40 \u20ac<\/p>\n","protected":false},"author":1,"featured_media":119,"parent":0,"menu_order":0,"comment_status":"closed","ping_status":"closed","template":"","meta":{"footnotes":""},"class_list":["post-118","page","type-page","status-publish","has-post-thumbnail","hentry"],"yoast_head":"<!-- This site is optimized with the Yoast SEO plugin v27.4 - https:\/\/yoast.com\/product\/yoast-seo-wordpress\/ -->\n<title>Actividades nocturnas<\/title>\n<meta name=\"description\" content=\"V\u00eda ferrata Haremos una ferrata de iniciaci\u00f3n de noche ayudados por la luz de un frontal y con un poco de suerte acompa\u00f1ados por la luna. Precio: 40 \u20ac Raquetas de nieve Iniciaci\u00f3n: 2-3h. Precio: 35 \u20ac Cimas y traves\u00edas: 4-5h. Precio: 40 \u20ac\" \/>\n<meta name=\"robots\" content=\"index, follow, max-snippet:-1, max-image-preview:large, max-video-preview:-1\" \/>\n<link rel=\"canonical\" href=\"\" \/>\n<meta property=\"og:locale\" content=\"es_ES\" \/>\n<meta property=\"og:type\" content=\"article\" \/>\n<meta property=\"og:title\" content=\"Actividades nocturnas\" \/>\n<meta property=\"og:description\" content=\"V\u00eda ferrata Haremos una ferrata de iniciaci\u00f3n de noche ayudados por la luz de un frontal y con un poco de suerte acompa\u00f1ados por la luna. Precio: 40 \u20ac Raquetas de nieve Iniciaci\u00f3n: 2-3h. Precio: 35 \u20ac Cimas y traves\u00edas: 4-5h. Precio: 40 \u20ac\" \/>\n<meta property=\"og:url\" content=\"http:\/\/basaroca.com\/es\/actividades-nocturnas\/\" \/>\n<meta property=\"og:site_name\" content=\"Basaroca Aventura\" \/>\n<meta property=\"article:publisher\" content=\"https:\/\/www.facebook.com\/basaroca.aventura\" \/>\n<meta property=\"article:modified_time\" content=\"2022-05-31T10:45:05+00:00\" \/>\n<meta property=\"og:image\" content=\"http:\/\/basaroca.com\/wp-content\/uploads\/2022\/05\/activitats_nocturnes.jpg\" \/>\n\t<meta property=\"og:image:width\" content=\"1024\" \/>\n\t<meta property=\"og:image:height\" content=\"768\" \/>\n\t<meta property=\"og:image:type\" content=\"image\/jpeg\" \/>\n<meta name=\"twitter:card\" content=\"summary_large_image\" \/>\n<meta name=\"twitter:site\" content=\"@basarocaventura\" \/>\n<script type=\"application\/ld+json\" class=\"yoast-schema-graph\">{\"@context\":\"https:\\\/\\\/schema.org\",\"@graph\":[{\"@type\":\"WebPage\",\"@id\":\"http:\\\/\\\/basaroca.com\\\/es\\\/actividades-nocturnas\\\/\",\"url\":\"http:\\\/\\\/basaroca.com\\\/es\\\/actividades-nocturnas\\\/\",\"name\":\"Activitats nocturnes - Basaroca Aventura\",\"isPartOf\":{\"@id\":\"http:\\\/\\\/basaroca.com\\\/#website\"},\"primaryImageOfPage\":{\"@id\":\"http:\\\/\\\/basaroca.com\\\/es\\\/actividades-nocturnas\\\/#primaryimage\"},\"image\":{\"@id\":\"http:\\\/\\\/basaroca.com\\\/es\\\/actividades-nocturnas\\\/#primaryimage\"},\"thumbnailUrl\":\"http:\\\/\\\/basaroca.com\\\/wp-content\\\/uploads\\\/2022\\\/05\\\/activitats_nocturnes.jpg\",\"datePublished\":\"2022-05-18T13:25:47+00:00\",\"dateModified\":\"2022-05-31T10:45:05+00:00\",\"breadcrumb\":{\"@id\":\"http:\\\/\\\/basaroca.com\\\/es\\\/actividades-nocturnas\\\/#breadcrumb\"},\"inLanguage\":\"es\",\"potentialAction\":[{\"@type\":\"ReadAction\",\"target\":[\"http:\\\/\\\/basaroca.com\\\/es\\\/actividades-nocturnas\\\/\"]}]},{\"@type\":\"ImageObject\",\"inLanguage\":\"es\",\"@id\":\"http:\\\/\\\/basaroca.com\\\/es\\\/actividades-nocturnas\\\/#primaryimage\",\"url\":\"http:\\\/\\\/basaroca.com\\\/wp-content\\\/uploads\\\/2022\\\/05\\\/activitats_nocturnes.jpg\",\"contentUrl\":\"http:\\\/\\\/basaroca.com\\\/wp-content\\\/uploads\\\/2022\\\/05\\\/activitats_nocturnes.jpg\",\"width\":1024,\"height\":768,\"caption\":\"Activitats nocturnes\"},{\"@type\":\"BreadcrumbList\",\"@id\":\"http:\\\/\\\/basaroca.com\\\/es\\\/actividades-nocturnas\\\/#breadcrumb\",\"itemListElement\":[{\"@type\":\"ListItem\",\"position\":1,\"name\":\"Basaroca Aventura\",\"item\":\"http:\\\/\\\/basaroca.com\\\/\"},{\"@type\":\"ListItem\",\"position\":2,\"name\":\"Actividades nocturnas\"}]},{\"@type\":\"WebSite\",\"@id\":\"http:\\\/\\\/basaroca.com\\\/es\\\/#website\",\"url\":\"http:\\\/\\\/basaroca.com\\\/es\\\/\",\"name\":\"Basaroca Aventura\",\"description\":\"Empresa de deportes de aventura y ocio activo\",\"publisher\":{\"@id\":\"http:\\\/\\\/basaroca.com\\\/es\\\/#organization\"},\"potentialAction\":[{\"@type\":\"SearchAction\",\"target\":{\"@type\":\"EntryPoint\",\"urlTemplate\":\"http:\\\/\\\/basaroca.com\\\/es\\\/?s={search_term_string}\"},\"query-input\":{\"@type\":\"PropertyValueSpecification\",\"valueRequired\":true,\"valueName\":\"search_term_string\"}}],\"inLanguage\":\"es\"},{\"@type\":\"Organization\",\"@id\":\"http:\\\/\\\/basaroca.com\\\/es\\\/#organization\",\"name\":\"Basaroca Aventura\",\"url\":\"http:\\\/\\\/basaroca.com\\\/es\\\/\",\"logo\":{\"@type\":\"ImageObject\",\"inLanguage\":\"es\",\"@id\":\"http:\\\/\\\/basaroca.com\\\/es\\\/#\\\/schema\\\/logo\\\/image\\\/\",\"url\":\"http:\\\/\\\/basaroca.com\\\/wp-content\\\/uploads\\\/2022\\\/04\\\/cropped-logo.png\",\"contentUrl\":\"http:\\\/\\\/basaroca.com\\\/wp-content\\\/uploads\\\/2022\\\/04\\\/cropped-logo.png\",\"width\":600,\"height\":123,\"caption\":\"Basaroca Aventura\"},\"image\":{\"@id\":\"http:\\\/\\\/basaroca.com\\\/es\\\/#\\\/schema\\\/logo\\\/image\\\/\"},\"sameAs\":[\"https:\\\/\\\/www.facebook.com\\\/basaroca.aventura\",\"https:\\\/\\\/x.com\\\/basarocaventura\",\"https:\\\/\\\/www.instagram.com\\\/basarocaaventura\\\/\"]}]}<\/script>\n<!-- \/ Yoast SEO plugin. -->","yoast_head_json":{"title":"Actividades nocturnas","description":"V\u00eda ferrata Haremos una ferrata de iniciaci\u00f3n de noche ayudados por la luz de un frontal y con un poco de suerte acompa\u00f1ados por la luna. Precio: 40 \u20ac Raquetas de nieve Iniciaci\u00f3n: 2-3h. Precio: 35 \u20ac Cimas y traves\u00edas: 4-5h. Precio: 40 \u20ac","robots":{"index":"index","follow":"follow","max-snippet":"max-snippet:-1","max-image-preview":"max-image-preview:large","max-video-preview":"max-video-preview:-1"},"canonical":"V\u00eda ferrata Haremos una ferrata de iniciaci\u00f3n de noche ayudados por la luz de un frontal y con un poco de suerte acompa\u00f1ados por la luna. Precio: 40 \u20ac Raquetas de nieve Iniciaci\u00f3n: 2-3h. Precio: 35 \u20ac Cimas y traves\u00edas: 4-5h. Precio: 40 \u20ac","og_locale":"es_ES","og_type":"article","og_title":"Actividades nocturnas","og_description":"V\u00eda ferrata Haremos una ferrata de iniciaci\u00f3n de noche ayudados por la luz de un frontal y con un poco de suerte acompa\u00f1ados por la luna. Precio: 40 \u20ac Raquetas de nieve Iniciaci\u00f3n: 2-3h. Precio: 35 \u20ac Cimas y traves\u00edas: 4-5h. Precio: 40 \u20ac","og_url":"http:\/\/basaroca.com\/es\/actividades-nocturnas\/","og_site_name":"Basaroca Aventura","article_publisher":"https:\/\/www.facebook.com\/basaroca.aventura","article_modified_time":"2022-05-31T10:45:05+00:00","og_image":[{"width":1024,"height":768,"url":"http:\/\/basaroca.com\/wp-content\/uploads\/2022\/05\/activitats_nocturnes.jpg","type":"image\/jpeg"}],"twitter_card":"summary_large_image","twitter_site":"@basarocaventura","schema":{"@context":"https:\/\/schema.org","@graph":[{"@type":"WebPage","@id":"http:\/\/basaroca.com\/es\/actividades-nocturnas\/","url":"http:\/\/basaroca.com\/es\/actividades-nocturnas\/","name":"Activitats nocturnes - Basaroca Aventura","isPartOf":{"@id":"http:\/\/basaroca.com\/#website"},"primaryImageOfPage":{"@id":"http:\/\/basaroca.com\/es\/actividades-nocturnas\/#primaryimage"},"image":{"@id":"http:\/\/basaroca.com\/es\/actividades-nocturnas\/#primaryimage"},"thumbnailUrl":"http:\/\/basaroca.com\/wp-content\/uploads\/2022\/05\/activitats_nocturnes.jpg","datePublished":"2022-05-18T13:25:47+00:00","dateModified":"2022-05-31T10:45:05+00:00","breadcrumb":{"@id":"http:\/\/basaroca.com\/es\/actividades-nocturnas\/#breadcrumb"},"inLanguage":"es","potentialAction":[{"@type":"ReadAction","target":["http:\/\/basaroca.com\/es\/actividades-nocturnas\/"]}]},{"@type":"ImageObject","inLanguage":"es","@id":"http:\/\/basaroca.com\/es\/actividades-nocturnas\/#primaryimage","url":"http:\/\/basaroca.com\/wp-content\/uploads\/2022\/05\/activitats_nocturnes.jpg","contentUrl":"http:\/\/basaroca.com\/wp-content\/uploads\/2022\/05\/activitats_nocturnes.jpg","width":1024,"height":768,"caption":"Activitats nocturnes"},{"@type":"BreadcrumbList","@id":"http:\/\/basaroca.com\/es\/actividades-nocturnas\/#breadcrumb","itemListElement":[{"@type":"ListItem","position":1,"name":"Basaroca Aventura","item":"http:\/\/basaroca.com\/"},{"@type":"ListItem","position":2,"name":"Actividades nocturnas"}]},{"@type":"WebSite","@id":"http:\/\/basaroca.com\/es\/#website","url":"http:\/\/basaroca.com\/es\/","name":"Basaroca Aventura","description":"Empresa de deportes de aventura y ocio activo","publisher":{"@id":"http:\/\/basaroca.com\/es\/#organization"},"potentialAction":[{"@type":"SearchAction","target":{"@type":"EntryPoint","urlTemplate":"http:\/\/basaroca.com\/es\/?s={search_term_string}"},"query-input":{"@type":"PropertyValueSpecification","valueRequired":true,"valueName":"search_term_string"}}],"inLanguage":"es"},{"@type":"Organization","@id":"http:\/\/basaroca.com\/es\/#organization","name":"Basaroca Aventura","url":"http:\/\/basaroca.com\/es\/","logo":{"@type":"ImageObject","inLanguage":"es","@id":"http:\/\/basaroca.com\/es\/#\/schema\/logo\/image\/","url":"http:\/\/basaroca.com\/wp-content\/uploads\/2022\/04\/cropped-logo.png","contentUrl":"http:\/\/basaroca.com\/wp-content\/uploads\/2022\/04\/cropped-logo.png","width":600,"height":123,"caption":"Basaroca Aventura"},"image":{"@id":"http:\/\/basaroca.com\/es\/#\/schema\/logo\/image\/"},"sameAs":["https:\/\/www.facebook.com\/basaroca.aventura","https:\/\/x.com\/basarocaventura","https:\/\/www.instagram.com\/basarocaaventura\/"]}]}},"_links":{"self":[{"href":"http:\/\/basaroca.com\/es\/wp-json\/wp\/v2\/pages\/118","targetHints":{"allow":["GET"]}}],"collection":[{"href":"http:\/\/basaroca.com\/es\/wp-json\/wp\/v2\/pages"}],"about":[{"href":"http:\/\/basaroca.com\/es\/wp-json\/wp\/v2\/types\/page"}],"author":[{"embeddable":true,"href":"http:\/\/basaroca.com\/es\/wp-json\/wp\/v2\/users\/1"}],"replies":[{"embeddable":true,"href":"http:\/\/basaroca.com\/es\/wp-json\/wp\/v2\/comments?post=118"}],"version-history":[{"count":3,"href":"http:\/\/basaroca.com\/es\/wp-json\/wp\/v2\/pages\/118\/revisions"}],"predecessor-version":[{"id":163,"href":"http:\/\/basaroca.com\/es\/wp-json\/wp\/v2\/pages\/118\/revisions\/163"}],"wp:featuredmedia":[{"embeddable":true,"href":"http:\/\/basaroca.com\/es\/wp-json\/wp\/v2\/media\/119"}],"wp:attachment":[{"href":"http:\/\/basaroca.com\/es\/wp-json\/wp\/v2\/media?parent=118"}],"curies":[{"name":"wp","href":"https:\/\/api.w.org\/{rel}","templated":true}]}}