{"id":124,"date":"2022-05-18T15:32:59","date_gmt":"2022-05-18T13:32:59","guid":{"rendered":"http:\/\/basaroca.com\/?page_id=124"},"modified":"2022-05-18T15:32:59","modified_gmt":"2022-05-18T13:32:59","slug":"multiaventura-i-orientacio","status":"publish","type":"page","link":"http:\/\/basaroca.com\/es\/multiaventura-y-orientacion\/","title":{"rendered":"Multiaventura y orientaci\u00f3n"},"content":{"rendered":"\r\n<p>Actividad variada y muy activa donde podemos encontrar tirolinas, puentes colgantes,rapel, escalada, tiro con arco, orientaci\u00f3n&#8230;<\/p>\r\n\r\n\r\n\r\n<p>Objectivos: Conocer los elementos de seguridad como el casco, el arn\u00e9s, las cuerdas.<\/p>\r\n\r\n\r\n\r\n<p>Descubrir la altura en el deporte estimulando la psicomotricidad en un nuevo escenario vertical.<\/p>\r\n\r\n\r\n\r\n<p>Aprender a orientarse en la monta\u00f1a.<\/p>\r\n\r\n\r\n\r\n<p>Actividades de ense\u00f1anza y aprendizaje: Charla introductoria al comienzo de cada activitad sobre seguridad y peque\u00f1os conocimientos de progresi\u00f3n seg\u00fan la actividad.<\/p>\r\n\r\n\r\n\r\n<p><strong>Llevar ropa comoda y calzado de monta\u00f1a.<\/strong><\/p>\r\n\r\n\r\n\r\n<figure class=\"wp-block-gallery has-nested-images columns-default is-cropped wp-block-gallery-1 is-layout-flex wp-block-gallery-is-layout-flex\">\r\n<figure class=\"wp-block-image size-large\"><img loading=\"lazy\" decoding=\"async\" width=\"500\" height=\"375\" data-id=\"128\" src=\"http:\/\/basaroca.com\/wp-content\/uploads\/2022\/05\/multiaventura_032.jpeg\" alt=\"Multiaventura\" class=\"wp-image-128\" srcset=\"http:\/\/basaroca.com\/wp-content\/uploads\/2022\/05\/multiaventura_032.jpeg 500w, http:\/\/basaroca.com\/wp-content\/uploads\/2022\/05\/multiaventura_032-300x225.jpeg 300w\" sizes=\"auto, (max-width: 500px) 100vw, 500px\" \/><\/figure>\r\n\r\n\r\n\r\n<figure class=\"wp-block-image size-large\"><img loading=\"lazy\" decoding=\"async\" width=\"500\" height=\"375\" data-id=\"127\" src=\"http:\/\/basaroca.com\/wp-content\/uploads\/2022\/05\/imatgesbasaroca_012.jpeg\" alt=\"Multiaventura\" class=\"wp-image-127\" srcset=\"http:\/\/basaroca.com\/wp-content\/uploads\/2022\/05\/imatgesbasaroca_012.jpeg 500w, http:\/\/basaroca.com\/wp-content\/uploads\/2022\/05\/imatgesbasaroca_012-300x225.jpeg 300w\" sizes=\"auto, (max-width: 500px) 100vw, 500px\" \/><\/figure>\r\n\r\n\r\n\r\n<figure class=\"wp-block-image size-large\"><img loading=\"lazy\" decoding=\"async\" width=\"331\" height=\"499\" data-id=\"126\" src=\"http:\/\/basaroca.com\/wp-content\/uploads\/2022\/05\/multiaventura-1.jpeg\" alt=\"Multiaventura\" class=\"wp-image-126\" srcset=\"http:\/\/basaroca.com\/wp-content\/uploads\/2022\/05\/multiaventura-1.jpeg 331w, http:\/\/basaroca.com\/wp-content\/uploads\/2022\/05\/multiaventura-1-199x300.jpeg 199w\" sizes=\"auto, (max-width: 331px) 100vw, 331px\" \/><\/figure>\r\n<\/figure>\r\n","protected":false},"excerpt":{"rendered":"<p>Actividad variada y muy activa donde podemos encontrar tirolinas, puentes colgantes,rapel, escalada, tiro con arco, orientaci\u00f3n&#8230; Objectivos: Conocer los elementos de seguridad como el casco, el arn\u00e9s, las cuerdas. Descubrir la altura en el deporte estimulando la psicomotricidad en un nuevo escenario vertical. Aprender a orientarse en la monta\u00f1a. Actividades de ense\u00f1anza y aprendizaje: Charla [&hellip;]<\/p>\n","protected":false},"author":1,"featured_media":125,"parent":0,"menu_order":0,"comment_status":"closed","ping_status":"closed","template":"","meta":{"footnotes":""},"class_list":["post-124","page","type-page","status-publish","has-post-thumbnail","hentry"],"yoast_head":"<!-- This site is optimized with the Yoast SEO plugin v27.4 - https:\/\/yoast.com\/product\/yoast-seo-wordpress\/ -->\n<title>Multiaventura y orientaci\u00f3n<\/title>\n<meta name=\"description\" content=\"Actividad variada y muy activa donde podemos encontrar tirolinas, puentes colgantes,rapel, escalada, tiro con arco, orientaci\u00f3n... Objectivos: Conocer los elementos de seguridad como el casco, el arn\u00e9s, las cuerdas. Descubrir la altura en el deporte estimulando la psicomotricidad en un nuevo escenario vertical. Aprender a orientarse en la monta\u00f1a. Actividades de ense\u00f1anza y aprendizaje: Charla&hellip;\" \/>\n<meta name=\"robots\" content=\"index, follow, max-snippet:-1, max-image-preview:large, max-video-preview:-1\" \/>\n<link rel=\"canonical\" href=\"\" \/>\n<meta property=\"og:locale\" content=\"es_ES\" \/>\n<meta property=\"og:type\" content=\"article\" \/>\n<meta property=\"og:title\" content=\"Multiaventura y orientaci\u00f3n\" \/>\n<meta property=\"og:description\" content=\"Actividad variada y muy activa donde podemos encontrar tirolinas, puentes colgantes,rapel, escalada, tiro con arco, orientaci\u00f3n... Objectivos: Conocer los elementos de seguridad como el casco, el arn\u00e9s, las cuerdas. Descubrir la altura en el deporte estimulando la psicomotricidad en un nuevo escenario vertical. Aprender a orientarse en la monta\u00f1a. Actividades de ense\u00f1anza y aprendizaje: Charla&hellip;\" \/>\n<meta property=\"og:url\" content=\"http:\/\/basaroca.com\/es\/multiaventura-y-orientacion\/\" \/>\n<meta property=\"og:site_name\" content=\"Basaroca Aventura\" \/>\n<meta property=\"article:publisher\" content=\"https:\/\/www.facebook.com\/basaroca.aventura\" \/>\n<meta property=\"og:image\" content=\"http:\/\/basaroca.com\/wp-content\/uploads\/2022\/05\/Multiaventura.jpg\" \/>\n\t<meta property=\"og:image:width\" content=\"1024\" \/>\n\t<meta property=\"og:image:height\" content=\"768\" \/>\n\t<meta property=\"og:image:type\" content=\"image\/jpeg\" \/>\n<meta name=\"twitter:card\" content=\"summary_large_image\" \/>\n<meta name=\"twitter:site\" content=\"@basarocaventura\" \/>\n<script type=\"application\/ld+json\" class=\"yoast-schema-graph\">{\"@context\":\"https:\\\/\\\/schema.org\",\"@graph\":[{\"@type\":\"WebPage\",\"@id\":\"http:\\\/\\\/basaroca.com\\\/es\\\/multiaventura-y-orientacion\\\/\",\"url\":\"http:\\\/\\\/basaroca.com\\\/es\\\/multiaventura-y-orientacion\\\/\",\"name\":\"Multiaventura i orientaci\u00f3 - Basaroca Aventura\",\"isPartOf\":{\"@id\":\"http:\\\/\\\/basaroca.com\\\/#website\"},\"primaryImageOfPage\":{\"@id\":\"http:\\\/\\\/basaroca.com\\\/es\\\/multiaventura-y-orientacion\\\/#primaryimage\"},\"image\":{\"@id\":\"http:\\\/\\\/basaroca.com\\\/es\\\/multiaventura-y-orientacion\\\/#primaryimage\"},\"thumbnailUrl\":\"http:\\\/\\\/basaroca.com\\\/wp-content\\\/uploads\\\/2022\\\/05\\\/Multiaventura.jpg\",\"datePublished\":\"2022-05-18T13:32:59+00:00\",\"breadcrumb\":{\"@id\":\"http:\\\/\\\/basaroca.com\\\/es\\\/multiaventura-y-orientacion\\\/#breadcrumb\"},\"inLanguage\":\"es\",\"potentialAction\":[{\"@type\":\"ReadAction\",\"target\":[\"http:\\\/\\\/basaroca.com\\\/es\\\/multiaventura-y-orientacion\\\/\"]}]},{\"@type\":\"ImageObject\",\"inLanguage\":\"es\",\"@id\":\"http:\\\/\\\/basaroca.com\\\/es\\\/multiaventura-y-orientacion\\\/#primaryimage\",\"url\":\"http:\\\/\\\/basaroca.com\\\/wp-content\\\/uploads\\\/2022\\\/05\\\/Multiaventura.jpg\",\"contentUrl\":\"http:\\\/\\\/basaroca.com\\\/wp-content\\\/uploads\\\/2022\\\/05\\\/Multiaventura.jpg\",\"width\":1024,\"height\":768,\"caption\":\"Multiaventura\"},{\"@type\":\"BreadcrumbList\",\"@id\":\"http:\\\/\\\/basaroca.com\\\/es\\\/multiaventura-y-orientacion\\\/#breadcrumb\",\"itemListElement\":[{\"@type\":\"ListItem\",\"position\":1,\"name\":\"Basaroca Aventura\",\"item\":\"http:\\\/\\\/basaroca.com\\\/\"},{\"@type\":\"ListItem\",\"position\":2,\"name\":\"Multiaventura y orientaci\u00f3n\"}]},{\"@type\":\"WebSite\",\"@id\":\"http:\\\/\\\/basaroca.com\\\/es\\\/#website\",\"url\":\"http:\\\/\\\/basaroca.com\\\/es\\\/\",\"name\":\"Basaroca Aventura\",\"description\":\"Empresa de deportes de aventura y ocio activo\",\"publisher\":{\"@id\":\"http:\\\/\\\/basaroca.com\\\/es\\\/#organization\"},\"potentialAction\":[{\"@type\":\"SearchAction\",\"target\":{\"@type\":\"EntryPoint\",\"urlTemplate\":\"http:\\\/\\\/basaroca.com\\\/es\\\/?s={search_term_string}\"},\"query-input\":{\"@type\":\"PropertyValueSpecification\",\"valueRequired\":true,\"valueName\":\"search_term_string\"}}],\"inLanguage\":\"es\"},{\"@type\":\"Organization\",\"@id\":\"http:\\\/\\\/basaroca.com\\\/es\\\/#organization\",\"name\":\"Basaroca Aventura\",\"url\":\"http:\\\/\\\/basaroca.com\\\/es\\\/\",\"logo\":{\"@type\":\"ImageObject\",\"inLanguage\":\"es\",\"@id\":\"http:\\\/\\\/basaroca.com\\\/es\\\/#\\\/schema\\\/logo\\\/image\\\/\",\"url\":\"http:\\\/\\\/basaroca.com\\\/wp-content\\\/uploads\\\/2022\\\/04\\\/cropped-logo.png\",\"contentUrl\":\"http:\\\/\\\/basaroca.com\\\/wp-content\\\/uploads\\\/2022\\\/04\\\/cropped-logo.png\",\"width\":600,\"height\":123,\"caption\":\"Basaroca Aventura\"},\"image\":{\"@id\":\"http:\\\/\\\/basaroca.com\\\/es\\\/#\\\/schema\\\/logo\\\/image\\\/\"},\"sameAs\":[\"https:\\\/\\\/www.facebook.com\\\/basaroca.aventura\",\"https:\\\/\\\/x.com\\\/basarocaventura\",\"https:\\\/\\\/www.instagram.com\\\/basarocaaventura\\\/\"]}]}<\/script>\n<!-- \/ Yoast SEO plugin. -->","yoast_head_json":{"title":"Multiaventura y orientaci\u00f3n","description":"Actividad variada y muy activa donde podemos encontrar tirolinas, puentes colgantes,rapel, escalada, tiro con arco, orientaci\u00f3n... Objectivos: Conocer los elementos de seguridad como el casco, el arn\u00e9s, las cuerdas. Descubrir la altura en el deporte estimulando la psicomotricidad en un nuevo escenario vertical. Aprender a orientarse en la monta\u00f1a. Actividades de ense\u00f1anza y aprendizaje: Charla&hellip;","robots":{"index":"index","follow":"follow","max-snippet":"max-snippet:-1","max-image-preview":"max-image-preview:large","max-video-preview":"max-video-preview:-1"},"canonical":"Actividad variada y muy activa donde podemos encontrar tirolinas, puentes colgantes,rapel, escalada, tiro con arco, orientaci\u00f3n... Objectivos: Conocer los elementos de seguridad como el casco, el arn\u00e9s, las cuerdas. Descubrir la altura en el deporte estimulando la psicomotricidad en un nuevo escenario vertical. Aprender a orientarse en la monta\u00f1a. Actividades de ense\u00f1anza y aprendizaje: Charla&hellip;","og_locale":"es_ES","og_type":"article","og_title":"Multiaventura y orientaci\u00f3n","og_description":"Actividad variada y muy activa donde podemos encontrar tirolinas, puentes colgantes,rapel, escalada, tiro con arco, orientaci\u00f3n... Objectivos: Conocer los elementos de seguridad como el casco, el arn\u00e9s, las cuerdas. Descubrir la altura en el deporte estimulando la psicomotricidad en un nuevo escenario vertical. Aprender a orientarse en la monta\u00f1a. Actividades de ense\u00f1anza y aprendizaje: Charla&hellip;","og_url":"http:\/\/basaroca.com\/es\/multiaventura-y-orientacion\/","og_site_name":"Basaroca Aventura","article_publisher":"https:\/\/www.facebook.com\/basaroca.aventura","og_image":[{"width":1024,"height":768,"url":"http:\/\/basaroca.com\/wp-content\/uploads\/2022\/05\/Multiaventura.jpg","type":"image\/jpeg"}],"twitter_card":"summary_large_image","twitter_site":"@basarocaventura","schema":{"@context":"https:\/\/schema.org","@graph":[{"@type":"WebPage","@id":"http:\/\/basaroca.com\/es\/multiaventura-y-orientacion\/","url":"http:\/\/basaroca.com\/es\/multiaventura-y-orientacion\/","name":"Multiaventura i orientaci\u00f3 - Basaroca Aventura","isPartOf":{"@id":"http:\/\/basaroca.com\/#website"},"primaryImageOfPage":{"@id":"http:\/\/basaroca.com\/es\/multiaventura-y-orientacion\/#primaryimage"},"image":{"@id":"http:\/\/basaroca.com\/es\/multiaventura-y-orientacion\/#primaryimage"},"thumbnailUrl":"http:\/\/basaroca.com\/wp-content\/uploads\/2022\/05\/Multiaventura.jpg","datePublished":"2022-05-18T13:32:59+00:00","breadcrumb":{"@id":"http:\/\/basaroca.com\/es\/multiaventura-y-orientacion\/#breadcrumb"},"inLanguage":"es","potentialAction":[{"@type":"ReadAction","target":["http:\/\/basaroca.com\/es\/multiaventura-y-orientacion\/"]}]},{"@type":"ImageObject","inLanguage":"es","@id":"http:\/\/basaroca.com\/es\/multiaventura-y-orientacion\/#primaryimage","url":"http:\/\/basaroca.com\/wp-content\/uploads\/2022\/05\/Multiaventura.jpg","contentUrl":"http:\/\/basaroca.com\/wp-content\/uploads\/2022\/05\/Multiaventura.jpg","width":1024,"height":768,"caption":"Multiaventura"},{"@type":"BreadcrumbList","@id":"http:\/\/basaroca.com\/es\/multiaventura-y-orientacion\/#breadcrumb","itemListElement":[{"@type":"ListItem","position":1,"name":"Basaroca Aventura","item":"http:\/\/basaroca.com\/"},{"@type":"ListItem","position":2,"name":"Multiaventura y orientaci\u00f3n"}]},{"@type":"WebSite","@id":"http:\/\/basaroca.com\/es\/#website","url":"http:\/\/basaroca.com\/es\/","name":"Basaroca Aventura","description":"Empresa de deportes de aventura y ocio activo","publisher":{"@id":"http:\/\/basaroca.com\/es\/#organization"},"potentialAction":[{"@type":"SearchAction","target":{"@type":"EntryPoint","urlTemplate":"http:\/\/basaroca.com\/es\/?s={search_term_string}"},"query-input":{"@type":"PropertyValueSpecification","valueRequired":true,"valueName":"search_term_string"}}],"inLanguage":"es"},{"@type":"Organization","@id":"http:\/\/basaroca.com\/es\/#organization","name":"Basaroca Aventura","url":"http:\/\/basaroca.com\/es\/","logo":{"@type":"ImageObject","inLanguage":"es","@id":"http:\/\/basaroca.com\/es\/#\/schema\/logo\/image\/","url":"http:\/\/basaroca.com\/wp-content\/uploads\/2022\/04\/cropped-logo.png","contentUrl":"http:\/\/basaroca.com\/wp-content\/uploads\/2022\/04\/cropped-logo.png","width":600,"height":123,"caption":"Basaroca Aventura"},"image":{"@id":"http:\/\/basaroca.com\/es\/#\/schema\/logo\/image\/"},"sameAs":["https:\/\/www.facebook.com\/basaroca.aventura","https:\/\/x.com\/basarocaventura","https:\/\/www.instagram.com\/basarocaaventura\/"]}]}},"_links":{"self":[{"href":"http:\/\/basaroca.com\/es\/wp-json\/wp\/v2\/pages\/124","targetHints":{"allow":["GET"]}}],"collection":[{"href":"http:\/\/basaroca.com\/es\/wp-json\/wp\/v2\/pages"}],"about":[{"href":"http:\/\/basaroca.com\/es\/wp-json\/wp\/v2\/types\/page"}],"author":[{"embeddable":true,"href":"http:\/\/basaroca.com\/es\/wp-json\/wp\/v2\/users\/1"}],"replies":[{"embeddable":true,"href":"http:\/\/basaroca.com\/es\/wp-json\/wp\/v2\/comments?post=124"}],"version-history":[{"count":1,"href":"http:\/\/basaroca.com\/es\/wp-json\/wp\/v2\/pages\/124\/revisions"}],"predecessor-version":[{"id":129,"href":"http:\/\/basaroca.com\/es\/wp-json\/wp\/v2\/pages\/124\/revisions\/129"}],"wp:featuredmedia":[{"embeddable":true,"href":"http:\/\/basaroca.com\/es\/wp-json\/wp\/v2\/media\/125"}],"wp:attachment":[{"href":"http:\/\/basaroca.com\/es\/wp-json\/wp\/v2\/media?parent=124"}],"curies":[{"name":"wp","href":"https:\/\/api.w.org\/{rel}","templated":true}]}}