{"id":142,"date":"2022-05-18T15:43:29","date_gmt":"2022-05-18T13:43:29","guid":{"rendered":"http:\/\/basaroca.com\/?page_id=142"},"modified":"2022-05-18T15:43:29","modified_gmt":"2022-05-18T13:43:29","slug":"descoberta-de-coves-escoles","status":"publish","type":"page","link":"http:\/\/basaroca.com\/es\/descubierta-de-cuevas-escuelas\/","title":{"rendered":"Descubierta de cuevas (escuelas)"},"content":{"rendered":"\r\n<p>Visitaremos les Cuevas de Rialb y descubriremos las formaciones que nos envuelven por las diferentes galer\u00edas con alg\u00fan murci\u00e9lago despistado.<\/p>\r\n","protected":false},"excerpt":{"rendered":"<p>Visitaremos les Cuevas de Rialb y descubriremos las formaciones que nos envuelven por las diferentes galer\u00edas con alg\u00fan murci\u00e9lago despistado.<\/p>\n","protected":false},"author":1,"featured_media":0,"parent":0,"menu_order":0,"comment_status":"closed","ping_status":"closed","template":"","meta":{"footnotes":""},"class_list":["post-142","page","type-page","status-publish","hentry"],"yoast_head":"<!-- This site is optimized with the Yoast SEO plugin v27.4 - https:\/\/yoast.com\/product\/yoast-seo-wordpress\/ -->\n<title>Descubierta de cuevas (escuelas)<\/title>\n<meta name=\"description\" content=\"Visitaremos les Cuevas de Rialb y descubriremos las formaciones que nos envuelven por las diferentes galer\u00edas con alg\u00fan murci\u00e9lago despistado.\" \/>\n<meta name=\"robots\" content=\"index, follow, max-snippet:-1, max-image-preview:large, max-video-preview:-1\" \/>\n<link rel=\"canonical\" href=\"http:\/\/Visitaremos%20les%20Cuevas%20de%20Rialb%20y%20descubriremos%20las%20formaciones%20que%20nos%20envuelven%20por%20las%20diferentes%20galer\u00edas%20con%20alg\u00fan%20murci\u00e9lago%20despistado.\" \/>\n<meta property=\"og:locale\" content=\"es_ES\" \/>\n<meta property=\"og:type\" content=\"article\" \/>\n<meta property=\"og:title\" content=\"Descubierta de cuevas (escuelas)\" \/>\n<meta property=\"og:description\" content=\"Visitaremos les Cuevas de Rialb y descubriremos las formaciones que nos envuelven por las diferentes galer\u00edas con alg\u00fan murci\u00e9lago despistado.\" \/>\n<meta property=\"og:url\" content=\"http:\/\/basaroca.com\/es\/descubierta-de-cuevas-escuelas\/\" \/>\n<meta property=\"og:site_name\" content=\"Basaroca Aventura\" \/>\n<meta property=\"article:publisher\" content=\"https:\/\/www.facebook.com\/basaroca.aventura\" \/>\n<meta name=\"twitter:card\" content=\"summary_large_image\" \/>\n<meta name=\"twitter:site\" content=\"@basarocaventura\" \/>\n<script type=\"application\/ld+json\" class=\"yoast-schema-graph\">{\"@context\":\"https:\\\/\\\/schema.org\",\"@graph\":[{\"@type\":\"WebPage\",\"@id\":\"http:\\\/\\\/basaroca.com\\\/es\\\/descubierta-de-cuevas-escuelas\\\/\",\"url\":\"http:\\\/\\\/basaroca.com\\\/es\\\/descubierta-de-cuevas-escuelas\\\/\",\"name\":\"Descoberta de coves (escoles) - Basaroca Aventura\",\"isPartOf\":{\"@id\":\"http:\\\/\\\/basaroca.com\\\/#website\"},\"datePublished\":\"2022-05-18T13:43:29+00:00\",\"breadcrumb\":{\"@id\":\"http:\\\/\\\/basaroca.com\\\/es\\\/descubierta-de-cuevas-escuelas\\\/#breadcrumb\"},\"inLanguage\":\"es\",\"potentialAction\":[{\"@type\":\"ReadAction\",\"target\":[\"http:\\\/\\\/basaroca.com\\\/es\\\/descubierta-de-cuevas-escuelas\\\/\"]}]},{\"@type\":\"BreadcrumbList\",\"@id\":\"http:\\\/\\\/basaroca.com\\\/es\\\/descubierta-de-cuevas-escuelas\\\/#breadcrumb\",\"itemListElement\":[{\"@type\":\"ListItem\",\"position\":1,\"name\":\"Basaroca Aventura\",\"item\":\"http:\\\/\\\/basaroca.com\\\/\"},{\"@type\":\"ListItem\",\"position\":2,\"name\":\"Descubierta de cuevas (escuelas)\"}]},{\"@type\":\"WebSite\",\"@id\":\"http:\\\/\\\/basaroca.com\\\/es\\\/#website\",\"url\":\"http:\\\/\\\/basaroca.com\\\/es\\\/\",\"name\":\"Basaroca Aventura\",\"description\":\"Empresa de deportes de aventura y ocio activo\",\"publisher\":{\"@id\":\"http:\\\/\\\/basaroca.com\\\/es\\\/#organization\"},\"potentialAction\":[{\"@type\":\"SearchAction\",\"target\":{\"@type\":\"EntryPoint\",\"urlTemplate\":\"http:\\\/\\\/basaroca.com\\\/es\\\/?s={search_term_string}\"},\"query-input\":{\"@type\":\"PropertyValueSpecification\",\"valueRequired\":true,\"valueName\":\"search_term_string\"}}],\"inLanguage\":\"es\"},{\"@type\":\"Organization\",\"@id\":\"http:\\\/\\\/basaroca.com\\\/es\\\/#organization\",\"name\":\"Basaroca Aventura\",\"url\":\"http:\\\/\\\/basaroca.com\\\/es\\\/\",\"logo\":{\"@type\":\"ImageObject\",\"inLanguage\":\"es\",\"@id\":\"http:\\\/\\\/basaroca.com\\\/es\\\/#\\\/schema\\\/logo\\\/image\\\/\",\"url\":\"http:\\\/\\\/basaroca.com\\\/wp-content\\\/uploads\\\/2022\\\/04\\\/cropped-logo.png\",\"contentUrl\":\"http:\\\/\\\/basaroca.com\\\/wp-content\\\/uploads\\\/2022\\\/04\\\/cropped-logo.png\",\"width\":600,\"height\":123,\"caption\":\"Basaroca Aventura\"},\"image\":{\"@id\":\"http:\\\/\\\/basaroca.com\\\/es\\\/#\\\/schema\\\/logo\\\/image\\\/\"},\"sameAs\":[\"https:\\\/\\\/www.facebook.com\\\/basaroca.aventura\",\"https:\\\/\\\/x.com\\\/basarocaventura\",\"https:\\\/\\\/www.instagram.com\\\/basarocaaventura\\\/\"]}]}<\/script>\n<!-- \/ Yoast SEO plugin. -->","yoast_head_json":{"title":"Descubierta de cuevas (escuelas)","description":"Visitaremos les Cuevas de Rialb y descubriremos las formaciones que nos envuelven por las diferentes galer\u00edas con alg\u00fan murci\u00e9lago despistado.","robots":{"index":"index","follow":"follow","max-snippet":"max-snippet:-1","max-image-preview":"max-image-preview:large","max-video-preview":"max-video-preview:-1"},"canonical":"Visitaremos les Cuevas de Rialb y descubriremos las formaciones que nos envuelven por las diferentes galer\u00edas con alg\u00fan murci\u00e9lago despistado.","og_locale":"es_ES","og_type":"article","og_title":"Descubierta de cuevas (escuelas)","og_description":"Visitaremos les Cuevas de Rialb y descubriremos las formaciones que nos envuelven por las diferentes galer\u00edas con alg\u00fan murci\u00e9lago despistado.","og_url":"http:\/\/basaroca.com\/es\/descubierta-de-cuevas-escuelas\/","og_site_name":"Basaroca Aventura","article_publisher":"https:\/\/www.facebook.com\/basaroca.aventura","twitter_card":"summary_large_image","twitter_site":"@basarocaventura","schema":{"@context":"https:\/\/schema.org","@graph":[{"@type":"WebPage","@id":"http:\/\/basaroca.com\/es\/descubierta-de-cuevas-escuelas\/","url":"http:\/\/basaroca.com\/es\/descubierta-de-cuevas-escuelas\/","name":"Descoberta de coves (escoles) - Basaroca Aventura","isPartOf":{"@id":"http:\/\/basaroca.com\/#website"},"datePublished":"2022-05-18T13:43:29+00:00","breadcrumb":{"@id":"http:\/\/basaroca.com\/es\/descubierta-de-cuevas-escuelas\/#breadcrumb"},"inLanguage":"es","potentialAction":[{"@type":"ReadAction","target":["http:\/\/basaroca.com\/es\/descubierta-de-cuevas-escuelas\/"]}]},{"@type":"BreadcrumbList","@id":"http:\/\/basaroca.com\/es\/descubierta-de-cuevas-escuelas\/#breadcrumb","itemListElement":[{"@type":"ListItem","position":1,"name":"Basaroca Aventura","item":"http:\/\/basaroca.com\/"},{"@type":"ListItem","position":2,"name":"Descubierta de cuevas (escuelas)"}]},{"@type":"WebSite","@id":"http:\/\/basaroca.com\/es\/#website","url":"http:\/\/basaroca.com\/es\/","name":"Basaroca Aventura","description":"Empresa de deportes de aventura y ocio activo","publisher":{"@id":"http:\/\/basaroca.com\/es\/#organization"},"potentialAction":[{"@type":"SearchAction","target":{"@type":"EntryPoint","urlTemplate":"http:\/\/basaroca.com\/es\/?s={search_term_string}"},"query-input":{"@type":"PropertyValueSpecification","valueRequired":true,"valueName":"search_term_string"}}],"inLanguage":"es"},{"@type":"Organization","@id":"http:\/\/basaroca.com\/es\/#organization","name":"Basaroca Aventura","url":"http:\/\/basaroca.com\/es\/","logo":{"@type":"ImageObject","inLanguage":"es","@id":"http:\/\/basaroca.com\/es\/#\/schema\/logo\/image\/","url":"http:\/\/basaroca.com\/wp-content\/uploads\/2022\/04\/cropped-logo.png","contentUrl":"http:\/\/basaroca.com\/wp-content\/uploads\/2022\/04\/cropped-logo.png","width":600,"height":123,"caption":"Basaroca Aventura"},"image":{"@id":"http:\/\/basaroca.com\/es\/#\/schema\/logo\/image\/"},"sameAs":["https:\/\/www.facebook.com\/basaroca.aventura","https:\/\/x.com\/basarocaventura","https:\/\/www.instagram.com\/basarocaaventura\/"]}]}},"_links":{"self":[{"href":"http:\/\/basaroca.com\/es\/wp-json\/wp\/v2\/pages\/142","targetHints":{"allow":["GET"]}}],"collection":[{"href":"http:\/\/basaroca.com\/es\/wp-json\/wp\/v2\/pages"}],"about":[{"href":"http:\/\/basaroca.com\/es\/wp-json\/wp\/v2\/types\/page"}],"author":[{"embeddable":true,"href":"http:\/\/basaroca.com\/es\/wp-json\/wp\/v2\/users\/1"}],"replies":[{"embeddable":true,"href":"http:\/\/basaroca.com\/es\/wp-json\/wp\/v2\/comments?post=142"}],"version-history":[{"count":1,"href":"http:\/\/basaroca.com\/es\/wp-json\/wp\/v2\/pages\/142\/revisions"}],"predecessor-version":[{"id":143,"href":"http:\/\/basaroca.com\/es\/wp-json\/wp\/v2\/pages\/142\/revisions\/143"}],"wp:attachment":[{"href":"http:\/\/basaroca.com\/es\/wp-json\/wp\/v2\/media?parent=142"}],"curies":[{"name":"wp","href":"https:\/\/api.w.org\/{rel}","templated":true}]}}