{"id":146,"date":"2022-05-18T15:49:59","date_gmt":"2022-05-18T13:49:59","guid":{"rendered":"http:\/\/basaroca.com\/?page_id=146"},"modified":"2022-05-18T15:49:59","modified_gmt":"2022-05-18T13:49:59","slug":"itinerari-de-natura-i-cultura-de-muntanya","status":"publish","type":"page","link":"http:\/\/basaroca.com\/es\/itinerario-de-naturaleza-y-cultura-de-montana\/","title":{"rendered":"Itinerario de naturaleza y cultura de monta\u00f1a"},"content":{"rendered":"\r\n<p><strong>Objetivos:<\/strong><\/p>\r\n\r\n\r\n\r\n<ul class=\"wp-block-list\"><li>Descubrir la riqueza natural y cultural de la zona mediante una actividad educativa en el medio.<\/li><li>Aprener a caminar por la monta\u00f1a dosificando el esfuerzo e hidratandose<\/li><\/ul>\r\n\r\n\r\n\r\n<p><strong>M\u00e9todo:<\/strong><\/p>\r\n\r\n\r\n\r\n<ul class=\"wp-block-list\"><li>Observaci\u00f3n del paisaje, la arquitectura y las costubres de la zona,esgl\u00e8sies de la zona<\/li><li>Recojida de muestras para posterior explicaci\u00f3n<\/li><\/ul>\r\n\r\n\r\n\r\n<p>Contenidos: &#8211; El ecosistema del bosque, del rio,&#8230;<\/p>\r\n\r\n\r\n\r\n<p>Actividades de ense\u00f1anza y aprendizaje: Despues de la instalaci\u00f3n del grupo es proceder\u00e1 a la realitzaci\u00f3n de una charla introductoria referente a las diferentes actividades que se realizar\u00e1n durante el dia.<\/p>\r\n","protected":false},"excerpt":{"rendered":"<p>Objetivos: Descubrir la riqueza natural y cultural de la zona mediante una actividad educativa en el medio. Aprener a caminar por la monta\u00f1a dosificando el esfuerzo e hidratandose M\u00e9todo: Observaci\u00f3n del paisaje, la arquitectura y las costubres de la zona,esgl\u00e8sies de la zona Recojida de muestras para posterior explicaci\u00f3n Contenidos: &#8211; El ecosistema del bosque, [&hellip;]<\/p>\n","protected":false},"author":1,"featured_media":147,"parent":0,"menu_order":0,"comment_status":"closed","ping_status":"closed","template":"","meta":{"footnotes":""},"class_list":["post-146","page","type-page","status-publish","has-post-thumbnail","hentry"],"yoast_head":"<!-- This site is optimized with the Yoast SEO plugin v27.4 - https:\/\/yoast.com\/product\/yoast-seo-wordpress\/ -->\n<title>Itinerario de naturaleza y cultura de monta\u00f1a<\/title>\n<meta name=\"description\" content=\"Objetivos: Descubrir la riqueza natural y cultural de la zona mediante una actividad educativa en el medio.Aprener a caminar por la monta\u00f1a dosificando el esfuerzo e hidratandose M\u00e9todo: Observaci\u00f3n del paisaje, la arquitectura y las costubres de la zona,esgl\u00e8sies de la zonaRecojida de muestras para posterior explicaci\u00f3n Contenidos: - El ecosistema del bosque, del rio,...&hellip;\" \/>\n<meta name=\"robots\" content=\"index, follow, max-snippet:-1, max-image-preview:large, max-video-preview:-1\" \/>\n<link rel=\"canonical\" href=\"\" \/>\n<meta property=\"og:locale\" content=\"es_ES\" \/>\n<meta property=\"og:type\" content=\"article\" \/>\n<meta property=\"og:title\" content=\"Itinerario de naturaleza y cultura de monta\u00f1a\" \/>\n<meta property=\"og:description\" content=\"Objetivos: Descubrir la riqueza natural y cultural de la zona mediante una actividad educativa en el medio.Aprener a caminar por la monta\u00f1a dosificando el esfuerzo e hidratandose M\u00e9todo: Observaci\u00f3n del paisaje, la arquitectura y las costubres de la zona,esgl\u00e8sies de la zonaRecojida de muestras para posterior explicaci\u00f3n Contenidos: - El ecosistema del bosque, del rio,...&hellip;\" \/>\n<meta property=\"og:url\" content=\"http:\/\/basaroca.com\/es\/itinerario-de-naturaleza-y-cultura-de-montana\/\" \/>\n<meta property=\"og:site_name\" content=\"Basaroca Aventura\" \/>\n<meta property=\"article:publisher\" content=\"https:\/\/www.facebook.com\/basaroca.aventura\" \/>\n<meta property=\"og:image\" content=\"http:\/\/basaroca.com\/wp-content\/uploads\/2022\/05\/cerdanya.jpg\" \/>\n\t<meta property=\"og:image:width\" content=\"1024\" \/>\n\t<meta property=\"og:image:height\" content=\"768\" \/>\n\t<meta property=\"og:image:type\" content=\"image\/jpeg\" \/>\n<meta name=\"twitter:card\" content=\"summary_large_image\" \/>\n<meta name=\"twitter:site\" content=\"@basarocaventura\" \/>\n<script type=\"application\/ld+json\" class=\"yoast-schema-graph\">{\"@context\":\"https:\\\/\\\/schema.org\",\"@graph\":[{\"@type\":\"WebPage\",\"@id\":\"http:\\\/\\\/basaroca.com\\\/es\\\/itinerario-de-naturaleza-y-cultura-de-montana\\\/\",\"url\":\"http:\\\/\\\/basaroca.com\\\/es\\\/itinerario-de-naturaleza-y-cultura-de-montana\\\/\",\"name\":\"Itinerari de natura i cultura de muntanya - Basaroca Aventura\",\"isPartOf\":{\"@id\":\"http:\\\/\\\/basaroca.com\\\/#website\"},\"primaryImageOfPage\":{\"@id\":\"http:\\\/\\\/basaroca.com\\\/es\\\/itinerario-de-naturaleza-y-cultura-de-montana\\\/#primaryimage\"},\"image\":{\"@id\":\"http:\\\/\\\/basaroca.com\\\/es\\\/itinerario-de-naturaleza-y-cultura-de-montana\\\/#primaryimage\"},\"thumbnailUrl\":\"http:\\\/\\\/basaroca.com\\\/wp-content\\\/uploads\\\/2022\\\/05\\\/cerdanya.jpg\",\"datePublished\":\"2022-05-18T13:49:59+00:00\",\"breadcrumb\":{\"@id\":\"http:\\\/\\\/basaroca.com\\\/es\\\/itinerario-de-naturaleza-y-cultura-de-montana\\\/#breadcrumb\"},\"inLanguage\":\"es\",\"potentialAction\":[{\"@type\":\"ReadAction\",\"target\":[\"http:\\\/\\\/basaroca.com\\\/es\\\/itinerario-de-naturaleza-y-cultura-de-montana\\\/\"]}]},{\"@type\":\"ImageObject\",\"inLanguage\":\"es\",\"@id\":\"http:\\\/\\\/basaroca.com\\\/es\\\/itinerario-de-naturaleza-y-cultura-de-montana\\\/#primaryimage\",\"url\":\"http:\\\/\\\/basaroca.com\\\/wp-content\\\/uploads\\\/2022\\\/05\\\/cerdanya.jpg\",\"contentUrl\":\"http:\\\/\\\/basaroca.com\\\/wp-content\\\/uploads\\\/2022\\\/05\\\/cerdanya.jpg\",\"width\":1024,\"height\":768,\"caption\":\"Cerdanya\"},{\"@type\":\"BreadcrumbList\",\"@id\":\"http:\\\/\\\/basaroca.com\\\/es\\\/itinerario-de-naturaleza-y-cultura-de-montana\\\/#breadcrumb\",\"itemListElement\":[{\"@type\":\"ListItem\",\"position\":1,\"name\":\"Basaroca Aventura\",\"item\":\"http:\\\/\\\/basaroca.com\\\/\"},{\"@type\":\"ListItem\",\"position\":2,\"name\":\"Itinerario de naturaleza y cultura de monta\u00f1a\"}]},{\"@type\":\"WebSite\",\"@id\":\"http:\\\/\\\/basaroca.com\\\/es\\\/#website\",\"url\":\"http:\\\/\\\/basaroca.com\\\/es\\\/\",\"name\":\"Basaroca Aventura\",\"description\":\"Empresa de deportes de aventura y ocio activo\",\"publisher\":{\"@id\":\"http:\\\/\\\/basaroca.com\\\/es\\\/#organization\"},\"potentialAction\":[{\"@type\":\"SearchAction\",\"target\":{\"@type\":\"EntryPoint\",\"urlTemplate\":\"http:\\\/\\\/basaroca.com\\\/es\\\/?s={search_term_string}\"},\"query-input\":{\"@type\":\"PropertyValueSpecification\",\"valueRequired\":true,\"valueName\":\"search_term_string\"}}],\"inLanguage\":\"es\"},{\"@type\":\"Organization\",\"@id\":\"http:\\\/\\\/basaroca.com\\\/es\\\/#organization\",\"name\":\"Basaroca Aventura\",\"url\":\"http:\\\/\\\/basaroca.com\\\/es\\\/\",\"logo\":{\"@type\":\"ImageObject\",\"inLanguage\":\"es\",\"@id\":\"http:\\\/\\\/basaroca.com\\\/es\\\/#\\\/schema\\\/logo\\\/image\\\/\",\"url\":\"http:\\\/\\\/basaroca.com\\\/wp-content\\\/uploads\\\/2022\\\/04\\\/cropped-logo.png\",\"contentUrl\":\"http:\\\/\\\/basaroca.com\\\/wp-content\\\/uploads\\\/2022\\\/04\\\/cropped-logo.png\",\"width\":600,\"height\":123,\"caption\":\"Basaroca Aventura\"},\"image\":{\"@id\":\"http:\\\/\\\/basaroca.com\\\/es\\\/#\\\/schema\\\/logo\\\/image\\\/\"},\"sameAs\":[\"https:\\\/\\\/www.facebook.com\\\/basaroca.aventura\",\"https:\\\/\\\/x.com\\\/basarocaventura\",\"https:\\\/\\\/www.instagram.com\\\/basarocaaventura\\\/\"]}]}<\/script>\n<!-- \/ Yoast SEO plugin. -->","yoast_head_json":{"title":"Itinerario de naturaleza y cultura de monta\u00f1a","description":"Objetivos: Descubrir la riqueza natural y cultural de la zona mediante una actividad educativa en el medio.Aprener a caminar por la monta\u00f1a dosificando el esfuerzo e hidratandose M\u00e9todo: Observaci\u00f3n del paisaje, la arquitectura y las costubres de la zona,esgl\u00e8sies de la zonaRecojida de muestras para posterior explicaci\u00f3n Contenidos: - El ecosistema del bosque, del rio,...&hellip;","robots":{"index":"index","follow":"follow","max-snippet":"max-snippet:-1","max-image-preview":"max-image-preview:large","max-video-preview":"max-video-preview:-1"},"canonical":"Objetivos: Descubrir la riqueza natural y cultural de la zona mediante una actividad educativa en el medio.Aprener a caminar por la monta\u00f1a dosificando el esfuerzo e hidratandose M\u00e9todo: Observaci\u00f3n del paisaje, la arquitectura y las costubres de la zona,esgl\u00e8sies de la zonaRecojida de muestras para posterior explicaci\u00f3n Contenidos: - El ecosistema del bosque, del rio,...&hellip;","og_locale":"es_ES","og_type":"article","og_title":"Itinerario de naturaleza y cultura de monta\u00f1a","og_description":"Objetivos: Descubrir la riqueza natural y cultural de la zona mediante una actividad educativa en el medio.Aprener a caminar por la monta\u00f1a dosificando el esfuerzo e hidratandose M\u00e9todo: Observaci\u00f3n del paisaje, la arquitectura y las costubres de la zona,esgl\u00e8sies de la zonaRecojida de muestras para posterior explicaci\u00f3n Contenidos: - El ecosistema del bosque, del rio,...&hellip;","og_url":"http:\/\/basaroca.com\/es\/itinerario-de-naturaleza-y-cultura-de-montana\/","og_site_name":"Basaroca Aventura","article_publisher":"https:\/\/www.facebook.com\/basaroca.aventura","og_image":[{"width":1024,"height":768,"url":"http:\/\/basaroca.com\/wp-content\/uploads\/2022\/05\/cerdanya.jpg","type":"image\/jpeg"}],"twitter_card":"summary_large_image","twitter_site":"@basarocaventura","schema":{"@context":"https:\/\/schema.org","@graph":[{"@type":"WebPage","@id":"http:\/\/basaroca.com\/es\/itinerario-de-naturaleza-y-cultura-de-montana\/","url":"http:\/\/basaroca.com\/es\/itinerario-de-naturaleza-y-cultura-de-montana\/","name":"Itinerari de natura i cultura de muntanya - Basaroca Aventura","isPartOf":{"@id":"http:\/\/basaroca.com\/#website"},"primaryImageOfPage":{"@id":"http:\/\/basaroca.com\/es\/itinerario-de-naturaleza-y-cultura-de-montana\/#primaryimage"},"image":{"@id":"http:\/\/basaroca.com\/es\/itinerario-de-naturaleza-y-cultura-de-montana\/#primaryimage"},"thumbnailUrl":"http:\/\/basaroca.com\/wp-content\/uploads\/2022\/05\/cerdanya.jpg","datePublished":"2022-05-18T13:49:59+00:00","breadcrumb":{"@id":"http:\/\/basaroca.com\/es\/itinerario-de-naturaleza-y-cultura-de-montana\/#breadcrumb"},"inLanguage":"es","potentialAction":[{"@type":"ReadAction","target":["http:\/\/basaroca.com\/es\/itinerario-de-naturaleza-y-cultura-de-montana\/"]}]},{"@type":"ImageObject","inLanguage":"es","@id":"http:\/\/basaroca.com\/es\/itinerario-de-naturaleza-y-cultura-de-montana\/#primaryimage","url":"http:\/\/basaroca.com\/wp-content\/uploads\/2022\/05\/cerdanya.jpg","contentUrl":"http:\/\/basaroca.com\/wp-content\/uploads\/2022\/05\/cerdanya.jpg","width":1024,"height":768,"caption":"Cerdanya"},{"@type":"BreadcrumbList","@id":"http:\/\/basaroca.com\/es\/itinerario-de-naturaleza-y-cultura-de-montana\/#breadcrumb","itemListElement":[{"@type":"ListItem","position":1,"name":"Basaroca Aventura","item":"http:\/\/basaroca.com\/"},{"@type":"ListItem","position":2,"name":"Itinerario de naturaleza y cultura de monta\u00f1a"}]},{"@type":"WebSite","@id":"http:\/\/basaroca.com\/es\/#website","url":"http:\/\/basaroca.com\/es\/","name":"Basaroca Aventura","description":"Empresa de deportes de aventura y ocio activo","publisher":{"@id":"http:\/\/basaroca.com\/es\/#organization"},"potentialAction":[{"@type":"SearchAction","target":{"@type":"EntryPoint","urlTemplate":"http:\/\/basaroca.com\/es\/?s={search_term_string}"},"query-input":{"@type":"PropertyValueSpecification","valueRequired":true,"valueName":"search_term_string"}}],"inLanguage":"es"},{"@type":"Organization","@id":"http:\/\/basaroca.com\/es\/#organization","name":"Basaroca Aventura","url":"http:\/\/basaroca.com\/es\/","logo":{"@type":"ImageObject","inLanguage":"es","@id":"http:\/\/basaroca.com\/es\/#\/schema\/logo\/image\/","url":"http:\/\/basaroca.com\/wp-content\/uploads\/2022\/04\/cropped-logo.png","contentUrl":"http:\/\/basaroca.com\/wp-content\/uploads\/2022\/04\/cropped-logo.png","width":600,"height":123,"caption":"Basaroca Aventura"},"image":{"@id":"http:\/\/basaroca.com\/es\/#\/schema\/logo\/image\/"},"sameAs":["https:\/\/www.facebook.com\/basaroca.aventura","https:\/\/x.com\/basarocaventura","https:\/\/www.instagram.com\/basarocaaventura\/"]}]}},"_links":{"self":[{"href":"http:\/\/basaroca.com\/es\/wp-json\/wp\/v2\/pages\/146","targetHints":{"allow":["GET"]}}],"collection":[{"href":"http:\/\/basaroca.com\/es\/wp-json\/wp\/v2\/pages"}],"about":[{"href":"http:\/\/basaroca.com\/es\/wp-json\/wp\/v2\/types\/page"}],"author":[{"embeddable":true,"href":"http:\/\/basaroca.com\/es\/wp-json\/wp\/v2\/users\/1"}],"replies":[{"embeddable":true,"href":"http:\/\/basaroca.com\/es\/wp-json\/wp\/v2\/comments?post=146"}],"version-history":[{"count":1,"href":"http:\/\/basaroca.com\/es\/wp-json\/wp\/v2\/pages\/146\/revisions"}],"predecessor-version":[{"id":148,"href":"http:\/\/basaroca.com\/es\/wp-json\/wp\/v2\/pages\/146\/revisions\/148"}],"wp:featuredmedia":[{"embeddable":true,"href":"http:\/\/basaroca.com\/es\/wp-json\/wp\/v2\/media\/147"}],"wp:attachment":[{"href":"http:\/\/basaroca.com\/es\/wp-json\/wp\/v2\/media?parent=146"}],"curies":[{"name":"wp","href":"https:\/\/api.w.org\/{rel}","templated":true}]}}