{"id":149,"date":"2022-05-18T15:51:07","date_gmt":"2022-05-18T13:51:07","guid":{"rendered":"http:\/\/basaroca.com\/?page_id=149"},"modified":"2022-05-18T16:03:31","modified_gmt":"2022-05-18T14:03:31","slug":"tallers","status":"publish","type":"page","link":"http:\/\/basaroca.com\/es\/talleres\/","title":{"rendered":"Talleres"},"content":{"rendered":"\r\n<ol class=\"wp-block-list\"><li>Taller d&#8217;orientaci\u00f3n<\/li><li>Taller de astronom\u00eda<\/li><\/ol>\r\n\r\n\r\n\r\n<p><\/p>\r\n","protected":false},"excerpt":{"rendered":"<p>Taller d&#8217;orientaci\u00f3n Taller de astronom\u00eda<\/p>\n","protected":false},"author":1,"featured_media":155,"parent":0,"menu_order":0,"comment_status":"closed","ping_status":"closed","template":"","meta":{"footnotes":""},"class_list":["post-149","page","type-page","status-publish","has-post-thumbnail","hentry"],"yoast_head":"<!-- This site is optimized with the Yoast SEO plugin v27.4 - https:\/\/yoast.com\/product\/yoast-seo-wordpress\/ -->\n<title>Talleres<\/title>\n<meta name=\"description\" content=\"Taller d&#039;orientaci\u00f3nTaller de astronom\u00eda\" \/>\n<meta name=\"robots\" content=\"index, follow, max-snippet:-1, max-image-preview:large, max-video-preview:-1\" \/>\n<link rel=\"canonical\" href=\"http:\/\/Taller%20d'orientaci\u00f3nTaller%20de%20astronom\u00eda\" \/>\n<meta property=\"og:locale\" content=\"es_ES\" \/>\n<meta property=\"og:type\" content=\"article\" \/>\n<meta property=\"og:title\" content=\"Talleres\" \/>\n<meta property=\"og:description\" content=\"Taller d&#039;orientaci\u00f3nTaller de astronom\u00eda\" \/>\n<meta property=\"og:url\" content=\"http:\/\/basaroca.com\/es\/talleres\/\" \/>\n<meta property=\"og:site_name\" content=\"Basaroca Aventura\" \/>\n<meta property=\"article:publisher\" content=\"https:\/\/www.facebook.com\/basaroca.aventura\" \/>\n<meta property=\"article:modified_time\" content=\"2022-05-18T14:03:31+00:00\" \/>\n<meta property=\"og:image\" content=\"http:\/\/basaroca.com\/wp-content\/uploads\/2022\/05\/lluna.jpg\" \/>\n\t<meta property=\"og:image:width\" content=\"1024\" \/>\n\t<meta property=\"og:image:height\" content=\"768\" \/>\n\t<meta property=\"og:image:type\" content=\"image\/jpeg\" \/>\n<meta name=\"twitter:card\" content=\"summary_large_image\" \/>\n<meta name=\"twitter:site\" content=\"@basarocaventura\" \/>\n<script type=\"application\/ld+json\" class=\"yoast-schema-graph\">{\"@context\":\"https:\\\/\\\/schema.org\",\"@graph\":[{\"@type\":\"WebPage\",\"@id\":\"http:\\\/\\\/basaroca.com\\\/es\\\/talleres\\\/\",\"url\":\"http:\\\/\\\/basaroca.com\\\/es\\\/talleres\\\/\",\"name\":\"Tallers - Basaroca Aventura\",\"isPartOf\":{\"@id\":\"http:\\\/\\\/basaroca.com\\\/#website\"},\"primaryImageOfPage\":{\"@id\":\"http:\\\/\\\/basaroca.com\\\/es\\\/talleres\\\/#primaryimage\"},\"image\":{\"@id\":\"http:\\\/\\\/basaroca.com\\\/es\\\/talleres\\\/#primaryimage\"},\"thumbnailUrl\":\"http:\\\/\\\/basaroca.com\\\/wp-content\\\/uploads\\\/2022\\\/05\\\/lluna.jpg\",\"datePublished\":\"2022-05-18T13:51:07+00:00\",\"dateModified\":\"2022-05-18T14:03:31+00:00\",\"breadcrumb\":{\"@id\":\"http:\\\/\\\/basaroca.com\\\/es\\\/talleres\\\/#breadcrumb\"},\"inLanguage\":\"es\",\"potentialAction\":[{\"@type\":\"ReadAction\",\"target\":[\"http:\\\/\\\/basaroca.com\\\/es\\\/talleres\\\/\"]}]},{\"@type\":\"ImageObject\",\"inLanguage\":\"es\",\"@id\":\"http:\\\/\\\/basaroca.com\\\/es\\\/talleres\\\/#primaryimage\",\"url\":\"http:\\\/\\\/basaroca.com\\\/wp-content\\\/uploads\\\/2022\\\/05\\\/lluna.jpg\",\"contentUrl\":\"http:\\\/\\\/basaroca.com\\\/wp-content\\\/uploads\\\/2022\\\/05\\\/lluna.jpg\",\"width\":1024,\"height\":768,\"caption\":\"Lluna\"},{\"@type\":\"BreadcrumbList\",\"@id\":\"http:\\\/\\\/basaroca.com\\\/es\\\/talleres\\\/#breadcrumb\",\"itemListElement\":[{\"@type\":\"ListItem\",\"position\":1,\"name\":\"Basaroca Aventura\",\"item\":\"http:\\\/\\\/basaroca.com\\\/\"},{\"@type\":\"ListItem\",\"position\":2,\"name\":\"Talleres\"}]},{\"@type\":\"WebSite\",\"@id\":\"http:\\\/\\\/basaroca.com\\\/es\\\/#website\",\"url\":\"http:\\\/\\\/basaroca.com\\\/es\\\/\",\"name\":\"Basaroca Aventura\",\"description\":\"Empresa de deportes de aventura y ocio activo\",\"publisher\":{\"@id\":\"http:\\\/\\\/basaroca.com\\\/es\\\/#organization\"},\"potentialAction\":[{\"@type\":\"SearchAction\",\"target\":{\"@type\":\"EntryPoint\",\"urlTemplate\":\"http:\\\/\\\/basaroca.com\\\/es\\\/?s={search_term_string}\"},\"query-input\":{\"@type\":\"PropertyValueSpecification\",\"valueRequired\":true,\"valueName\":\"search_term_string\"}}],\"inLanguage\":\"es\"},{\"@type\":\"Organization\",\"@id\":\"http:\\\/\\\/basaroca.com\\\/es\\\/#organization\",\"name\":\"Basaroca Aventura\",\"url\":\"http:\\\/\\\/basaroca.com\\\/es\\\/\",\"logo\":{\"@type\":\"ImageObject\",\"inLanguage\":\"es\",\"@id\":\"http:\\\/\\\/basaroca.com\\\/es\\\/#\\\/schema\\\/logo\\\/image\\\/\",\"url\":\"http:\\\/\\\/basaroca.com\\\/wp-content\\\/uploads\\\/2022\\\/04\\\/cropped-logo.png\",\"contentUrl\":\"http:\\\/\\\/basaroca.com\\\/wp-content\\\/uploads\\\/2022\\\/04\\\/cropped-logo.png\",\"width\":600,\"height\":123,\"caption\":\"Basaroca Aventura\"},\"image\":{\"@id\":\"http:\\\/\\\/basaroca.com\\\/es\\\/#\\\/schema\\\/logo\\\/image\\\/\"},\"sameAs\":[\"https:\\\/\\\/www.facebook.com\\\/basaroca.aventura\",\"https:\\\/\\\/x.com\\\/basarocaventura\",\"https:\\\/\\\/www.instagram.com\\\/basarocaaventura\\\/\"]}]}<\/script>\n<!-- \/ Yoast SEO plugin. -->","yoast_head_json":{"title":"Talleres","description":"Taller d'orientaci\u00f3nTaller de astronom\u00eda","robots":{"index":"index","follow":"follow","max-snippet":"max-snippet:-1","max-image-preview":"max-image-preview:large","max-video-preview":"max-video-preview:-1"},"canonical":"Taller d'orientaci\u00f3nTaller de astronom\u00eda","og_locale":"es_ES","og_type":"article","og_title":"Talleres","og_description":"Taller d'orientaci\u00f3nTaller de astronom\u00eda","og_url":"http:\/\/basaroca.com\/es\/talleres\/","og_site_name":"Basaroca Aventura","article_publisher":"https:\/\/www.facebook.com\/basaroca.aventura","article_modified_time":"2022-05-18T14:03:31+00:00","og_image":[{"width":1024,"height":768,"url":"http:\/\/basaroca.com\/wp-content\/uploads\/2022\/05\/lluna.jpg","type":"image\/jpeg"}],"twitter_card":"summary_large_image","twitter_site":"@basarocaventura","schema":{"@context":"https:\/\/schema.org","@graph":[{"@type":"WebPage","@id":"http:\/\/basaroca.com\/es\/talleres\/","url":"http:\/\/basaroca.com\/es\/talleres\/","name":"Tallers - Basaroca Aventura","isPartOf":{"@id":"http:\/\/basaroca.com\/#website"},"primaryImageOfPage":{"@id":"http:\/\/basaroca.com\/es\/talleres\/#primaryimage"},"image":{"@id":"http:\/\/basaroca.com\/es\/talleres\/#primaryimage"},"thumbnailUrl":"http:\/\/basaroca.com\/wp-content\/uploads\/2022\/05\/lluna.jpg","datePublished":"2022-05-18T13:51:07+00:00","dateModified":"2022-05-18T14:03:31+00:00","breadcrumb":{"@id":"http:\/\/basaroca.com\/es\/talleres\/#breadcrumb"},"inLanguage":"es","potentialAction":[{"@type":"ReadAction","target":["http:\/\/basaroca.com\/es\/talleres\/"]}]},{"@type":"ImageObject","inLanguage":"es","@id":"http:\/\/basaroca.com\/es\/talleres\/#primaryimage","url":"http:\/\/basaroca.com\/wp-content\/uploads\/2022\/05\/lluna.jpg","contentUrl":"http:\/\/basaroca.com\/wp-content\/uploads\/2022\/05\/lluna.jpg","width":1024,"height":768,"caption":"Lluna"},{"@type":"BreadcrumbList","@id":"http:\/\/basaroca.com\/es\/talleres\/#breadcrumb","itemListElement":[{"@type":"ListItem","position":1,"name":"Basaroca Aventura","item":"http:\/\/basaroca.com\/"},{"@type":"ListItem","position":2,"name":"Talleres"}]},{"@type":"WebSite","@id":"http:\/\/basaroca.com\/es\/#website","url":"http:\/\/basaroca.com\/es\/","name":"Basaroca Aventura","description":"Empresa de deportes de aventura y ocio activo","publisher":{"@id":"http:\/\/basaroca.com\/es\/#organization"},"potentialAction":[{"@type":"SearchAction","target":{"@type":"EntryPoint","urlTemplate":"http:\/\/basaroca.com\/es\/?s={search_term_string}"},"query-input":{"@type":"PropertyValueSpecification","valueRequired":true,"valueName":"search_term_string"}}],"inLanguage":"es"},{"@type":"Organization","@id":"http:\/\/basaroca.com\/es\/#organization","name":"Basaroca Aventura","url":"http:\/\/basaroca.com\/es\/","logo":{"@type":"ImageObject","inLanguage":"es","@id":"http:\/\/basaroca.com\/es\/#\/schema\/logo\/image\/","url":"http:\/\/basaroca.com\/wp-content\/uploads\/2022\/04\/cropped-logo.png","contentUrl":"http:\/\/basaroca.com\/wp-content\/uploads\/2022\/04\/cropped-logo.png","width":600,"height":123,"caption":"Basaroca Aventura"},"image":{"@id":"http:\/\/basaroca.com\/es\/#\/schema\/logo\/image\/"},"sameAs":["https:\/\/www.facebook.com\/basaroca.aventura","https:\/\/x.com\/basarocaventura","https:\/\/www.instagram.com\/basarocaaventura\/"]}]}},"_links":{"self":[{"href":"http:\/\/basaroca.com\/es\/wp-json\/wp\/v2\/pages\/149","targetHints":{"allow":["GET"]}}],"collection":[{"href":"http:\/\/basaroca.com\/es\/wp-json\/wp\/v2\/pages"}],"about":[{"href":"http:\/\/basaroca.com\/es\/wp-json\/wp\/v2\/types\/page"}],"author":[{"embeddable":true,"href":"http:\/\/basaroca.com\/es\/wp-json\/wp\/v2\/users\/1"}],"replies":[{"embeddable":true,"href":"http:\/\/basaroca.com\/es\/wp-json\/wp\/v2\/comments?post=149"}],"version-history":[{"count":2,"href":"http:\/\/basaroca.com\/es\/wp-json\/wp\/v2\/pages\/149\/revisions"}],"predecessor-version":[{"id":157,"href":"http:\/\/basaroca.com\/es\/wp-json\/wp\/v2\/pages\/149\/revisions\/157"}],"wp:featuredmedia":[{"embeddable":true,"href":"http:\/\/basaroca.com\/es\/wp-json\/wp\/v2\/media\/155"}],"wp:attachment":[{"href":"http:\/\/basaroca.com\/es\/wp-json\/wp\/v2\/media?parent=149"}],"curies":[{"name":"wp","href":"https:\/\/api.w.org\/{rel}","templated":true}]}}