{"id":74,"date":"2022-05-06T16:48:29","date_gmt":"2022-05-06T14:48:29","guid":{"rendered":"http:\/\/basaroca.com\/?page_id=74"},"modified":"2022-05-06T16:48:29","modified_gmt":"2022-05-06T14:48:29","slug":"escalada","status":"publish","type":"page","link":"http:\/\/basaroca.com\/es\/escalada\/","title":{"rendered":"Escalada"},"content":{"rendered":"\r\n<h3 class=\"wp-block-heading\"><strong>Iniaci\u00f3n<\/strong><\/h3>\r\n\r\n\r\n\r\n<p>Descobrireis en este fantastico mundo vertical por rutas sencillas  rincones de gran belleza.<\/p>\r\n\r\n\r\n\r\n<ul class=\"wp-block-list\"><li>Precio: 40\u20ac.<\/li><li>Incluye pies de gato y material para la actividad<\/li><li>Llevar calzado de monta\u00f1a<\/li><\/ul>\r\n\r\n\r\n\r\n<p><\/p>\r\n\r\n\r\n\r\n<h3 class=\"wp-block-heading\">Perfeccionamiento<\/h3>\r\n\r\n\r\n\r\n<p><strong>Deportiva<\/strong><\/p>\r\n\r\n\r\n\r\n<p>Si te gusta el grado y la dificultad, el Pirineo ofrece muchas posibilidades.<\/p>\r\n\r\n\r\n\r\n<p><strong>Cl\u00e1sicas<\/strong><\/p>\r\n\r\n\r\n\r\n<p>Pedraforca, Montserrat, Vilanova de Mei\u00e0, Terradets&#8230; grandes paredes nos esperan.<\/p>\r\n\r\n\r\n\r\n<p>Precio: Consultarnos.<\/p>\r\n\r\n\r\n\r\n<h3 class=\"wp-block-heading\">Formaci\u00f3n<\/h3>\r\n\r\n\r\n\r\n<p>Cursos de iniciaci\u00f3n y perfeccionamiento ajustados a vuestras necesidades (horario, dificultad, t\u00e9cnica, procedencia&#8230;).<\/p>\r\n\r\n\r\n\r\n<p>Precio iniciaci\u00f3n: 50\u20ac\/d\u00eda &#8211; m\u00ednimo 3 d\u00edas.<\/p>\r\n\r\n\r\n\r\n<h2 class=\"wp-block-heading\">Gesti\u00f3n de roc\u00f3dromos<\/h2>\r\n\r\n\r\n\r\n<p>Son el escenario perfecto para desarrollar diferentes actividades de escalada (formaci\u00f3n, entretenimiento, competici\u00f3n&#8230;).<\/p>\r\n\r\n\r\n\r\n<p><\/p>\r\n\r\n\r\n\r\n<figure class=\"wp-block-gallery has-nested-images columns-default is-cropped wp-block-gallery-1 is-layout-flex wp-block-gallery-is-layout-flex\">\r\n<figure class=\"wp-block-image size-large\"><img loading=\"lazy\" decoding=\"async\" width=\"300\" height=\"225\" data-id=\"78\" src=\"http:\/\/basaroca.com\/wp-content\/uploads\/2022\/05\/grup_aixida-1.jpeg\" alt=\"\" class=\"wp-image-78\"><\/figure>\r\n\r\n\r\n\r\n<figure class=\"wp-block-image size-large\"><img loading=\"lazy\" decoding=\"async\" width=\"225\" height=\"300\" data-id=\"79\" src=\"http:\/\/basaroca.com\/wp-content\/uploads\/2022\/05\/eva_climbat-1.jpeg\" alt=\"\" class=\"wp-image-79\"><\/figure>\r\n<\/figure>\r\n\r\n\r\n\r\n<p><\/p>\r\n","protected":false},"excerpt":{"rendered":"<p>Iniaci\u00f3n Descobrireis en este fantastico mundo vertical por rutas sencillas rincones de gran belleza. Precio: 40\u20ac. Incluye pies de gato y material para la actividad Llevar calzado de monta\u00f1a Perfeccionamiento Deportiva Si te gusta el grado y la dificultad, el Pirineo ofrece muchas posibilidades. Cl\u00e1sicas Pedraforca, Montserrat, Vilanova de Mei\u00e0, Terradets&#8230; grandes paredes nos esperan. [&hellip;]<\/p>\n","protected":false},"author":1,"featured_media":76,"parent":0,"menu_order":0,"comment_status":"closed","ping_status":"closed","template":"","meta":{"footnotes":""},"class_list":["post-74","page","type-page","status-publish","has-post-thumbnail","hentry"],"yoast_head":"<!-- This site is optimized with the Yoast SEO plugin v27.4 - https:\/\/yoast.com\/product\/yoast-seo-wordpress\/ -->\n<title>Escalada<\/title>\n<meta name=\"description\" content=\"Iniaci\u00f3n Descobrireis en este fantastico mundo vertical por rutas sencillas rincones de gran belleza. Precio: 40\u20ac.Incluye pies de gato y material para la actividadLlevar calzado de monta\u00f1a Perfeccionamiento Deportiva Si te gusta el grado y la dificultad, el Pirineo ofrece muchas posibilidades. Cl\u00e1sicas Pedraforca, Montserrat, Vilanova de Mei\u00e0, Terradets... grandes paredes nos esperan. Precio: Consultarnos.&hellip;\" \/>\n<meta name=\"robots\" content=\"index, follow, max-snippet:-1, max-image-preview:large, max-video-preview:-1\" \/>\n<link rel=\"canonical\" href=\"\" \/>\n<meta property=\"og:locale\" content=\"es_ES\" \/>\n<meta property=\"og:type\" content=\"article\" \/>\n<meta property=\"og:title\" content=\"Escalada\" \/>\n<meta property=\"og:description\" content=\"Iniaci\u00f3n Descobrireis en este fantastico mundo vertical por rutas sencillas rincones de gran belleza. Precio: 40\u20ac.Incluye pies de gato y material para la actividadLlevar calzado de monta\u00f1a Perfeccionamiento Deportiva Si te gusta el grado y la dificultad, el Pirineo ofrece muchas posibilidades. Cl\u00e1sicas Pedraforca, Montserrat, Vilanova de Mei\u00e0, Terradets... grandes paredes nos esperan. Precio: Consultarnos.&hellip;\" \/>\n<meta property=\"og:url\" content=\"http:\/\/basaroca.com\/es\/escalada\/\" \/>\n<meta property=\"og:site_name\" content=\"Basaroca Aventura\" \/>\n<meta property=\"article:publisher\" content=\"https:\/\/www.facebook.com\/basaroca.aventura\" \/>\n<meta property=\"og:image\" content=\"http:\/\/basaroca.com\/wp-content\/uploads\/2022\/05\/escalda-belcaire.jpeg\" \/>\n\t<meta property=\"og:image:width\" content=\"448\" \/>\n\t<meta property=\"og:image:height\" content=\"336\" \/>\n\t<meta property=\"og:image:type\" content=\"image\/jpeg\" \/>\n<meta name=\"twitter:card\" content=\"summary_large_image\" \/>\n<meta name=\"twitter:site\" content=\"@basarocaventura\" \/>\n<script type=\"application\/ld+json\" class=\"yoast-schema-graph\">{\"@context\":\"https:\\\/\\\/schema.org\",\"@graph\":[{\"@type\":\"WebPage\",\"@id\":\"http:\\\/\\\/basaroca.com\\\/es\\\/escalada\\\/\",\"url\":\"http:\\\/\\\/basaroca.com\\\/es\\\/escalada\\\/\",\"name\":\"Escalada - Basaroca Aventura\",\"isPartOf\":{\"@id\":\"http:\\\/\\\/basaroca.com\\\/#website\"},\"primaryImageOfPage\":{\"@id\":\"http:\\\/\\\/basaroca.com\\\/es\\\/escalada\\\/#primaryimage\"},\"image\":{\"@id\":\"http:\\\/\\\/basaroca.com\\\/es\\\/escalada\\\/#primaryimage\"},\"thumbnailUrl\":\"http:\\\/\\\/basaroca.com\\\/wp-content\\\/uploads\\\/2022\\\/05\\\/escalda-belcaire.jpeg\",\"datePublished\":\"2022-05-06T14:48:29+00:00\",\"breadcrumb\":{\"@id\":\"http:\\\/\\\/basaroca.com\\\/es\\\/escalada\\\/#breadcrumb\"},\"inLanguage\":\"es\",\"potentialAction\":[{\"@type\":\"ReadAction\",\"target\":[\"http:\\\/\\\/basaroca.com\\\/es\\\/escalada\\\/\"]}]},{\"@type\":\"ImageObject\",\"inLanguage\":\"es\",\"@id\":\"http:\\\/\\\/basaroca.com\\\/es\\\/escalada\\\/#primaryimage\",\"url\":\"http:\\\/\\\/basaroca.com\\\/wp-content\\\/uploads\\\/2022\\\/05\\\/escalda-belcaire.jpeg\",\"contentUrl\":\"http:\\\/\\\/basaroca.com\\\/wp-content\\\/uploads\\\/2022\\\/05\\\/escalda-belcaire.jpeg\",\"width\":448,\"height\":336,\"caption\":\"Escalada\"},{\"@type\":\"BreadcrumbList\",\"@id\":\"http:\\\/\\\/basaroca.com\\\/es\\\/escalada\\\/#breadcrumb\",\"itemListElement\":[{\"@type\":\"ListItem\",\"position\":1,\"name\":\"Basaroca Aventura\",\"item\":\"http:\\\/\\\/basaroca.com\\\/\"},{\"@type\":\"ListItem\",\"position\":2,\"name\":\"Escalada\"}]},{\"@type\":\"WebSite\",\"@id\":\"http:\\\/\\\/basaroca.com\\\/es\\\/#website\",\"url\":\"http:\\\/\\\/basaroca.com\\\/es\\\/\",\"name\":\"Basaroca Aventura\",\"description\":\"Empresa de deportes de aventura y ocio activo\",\"publisher\":{\"@id\":\"http:\\\/\\\/basaroca.com\\\/es\\\/#organization\"},\"potentialAction\":[{\"@type\":\"SearchAction\",\"target\":{\"@type\":\"EntryPoint\",\"urlTemplate\":\"http:\\\/\\\/basaroca.com\\\/es\\\/?s={search_term_string}\"},\"query-input\":{\"@type\":\"PropertyValueSpecification\",\"valueRequired\":true,\"valueName\":\"search_term_string\"}}],\"inLanguage\":\"es\"},{\"@type\":\"Organization\",\"@id\":\"http:\\\/\\\/basaroca.com\\\/es\\\/#organization\",\"name\":\"Basaroca Aventura\",\"url\":\"http:\\\/\\\/basaroca.com\\\/es\\\/\",\"logo\":{\"@type\":\"ImageObject\",\"inLanguage\":\"es\",\"@id\":\"http:\\\/\\\/basaroca.com\\\/es\\\/#\\\/schema\\\/logo\\\/image\\\/\",\"url\":\"http:\\\/\\\/basaroca.com\\\/wp-content\\\/uploads\\\/2022\\\/04\\\/cropped-logo.png\",\"contentUrl\":\"http:\\\/\\\/basaroca.com\\\/wp-content\\\/uploads\\\/2022\\\/04\\\/cropped-logo.png\",\"width\":600,\"height\":123,\"caption\":\"Basaroca Aventura\"},\"image\":{\"@id\":\"http:\\\/\\\/basaroca.com\\\/es\\\/#\\\/schema\\\/logo\\\/image\\\/\"},\"sameAs\":[\"https:\\\/\\\/www.facebook.com\\\/basaroca.aventura\",\"https:\\\/\\\/x.com\\\/basarocaventura\",\"https:\\\/\\\/www.instagram.com\\\/basarocaaventura\\\/\"]}]}<\/script>\n<!-- \/ Yoast SEO plugin. -->","yoast_head_json":{"title":"Escalada","description":"Iniaci\u00f3n Descobrireis en este fantastico mundo vertical por rutas sencillas rincones de gran belleza. Precio: 40\u20ac.Incluye pies de gato y material para la actividadLlevar calzado de monta\u00f1a Perfeccionamiento Deportiva Si te gusta el grado y la dificultad, el Pirineo ofrece muchas posibilidades. Cl\u00e1sicas Pedraforca, Montserrat, Vilanova de Mei\u00e0, Terradets... grandes paredes nos esperan. Precio: Consultarnos.&hellip;","robots":{"index":"index","follow":"follow","max-snippet":"max-snippet:-1","max-image-preview":"max-image-preview:large","max-video-preview":"max-video-preview:-1"},"canonical":"Iniaci\u00f3n Descobrireis en este fantastico mundo vertical por rutas sencillas rincones de gran belleza. Precio: 40\u20ac.Incluye pies de gato y material para la actividadLlevar calzado de monta\u00f1a Perfeccionamiento Deportiva Si te gusta el grado y la dificultad, el Pirineo ofrece muchas posibilidades. Cl\u00e1sicas Pedraforca, Montserrat, Vilanova de Mei\u00e0, Terradets... grandes paredes nos esperan. Precio: Consultarnos.&hellip;","og_locale":"es_ES","og_type":"article","og_title":"Escalada","og_description":"Iniaci\u00f3n Descobrireis en este fantastico mundo vertical por rutas sencillas rincones de gran belleza. Precio: 40\u20ac.Incluye pies de gato y material para la actividadLlevar calzado de monta\u00f1a Perfeccionamiento Deportiva Si te gusta el grado y la dificultad, el Pirineo ofrece muchas posibilidades. Cl\u00e1sicas Pedraforca, Montserrat, Vilanova de Mei\u00e0, Terradets... grandes paredes nos esperan. Precio: Consultarnos.&hellip;","og_url":"http:\/\/basaroca.com\/es\/escalada\/","og_site_name":"Basaroca Aventura","article_publisher":"https:\/\/www.facebook.com\/basaroca.aventura","og_image":[{"width":448,"height":336,"url":"http:\/\/basaroca.com\/wp-content\/uploads\/2022\/05\/escalda-belcaire.jpeg","type":"image\/jpeg"}],"twitter_card":"summary_large_image","twitter_site":"@basarocaventura","schema":{"@context":"https:\/\/schema.org","@graph":[{"@type":"WebPage","@id":"http:\/\/basaroca.com\/es\/escalada\/","url":"http:\/\/basaroca.com\/es\/escalada\/","name":"Escalada - Basaroca Aventura","isPartOf":{"@id":"http:\/\/basaroca.com\/#website"},"primaryImageOfPage":{"@id":"http:\/\/basaroca.com\/es\/escalada\/#primaryimage"},"image":{"@id":"http:\/\/basaroca.com\/es\/escalada\/#primaryimage"},"thumbnailUrl":"http:\/\/basaroca.com\/wp-content\/uploads\/2022\/05\/escalda-belcaire.jpeg","datePublished":"2022-05-06T14:48:29+00:00","breadcrumb":{"@id":"http:\/\/basaroca.com\/es\/escalada\/#breadcrumb"},"inLanguage":"es","potentialAction":[{"@type":"ReadAction","target":["http:\/\/basaroca.com\/es\/escalada\/"]}]},{"@type":"ImageObject","inLanguage":"es","@id":"http:\/\/basaroca.com\/es\/escalada\/#primaryimage","url":"http:\/\/basaroca.com\/wp-content\/uploads\/2022\/05\/escalda-belcaire.jpeg","contentUrl":"http:\/\/basaroca.com\/wp-content\/uploads\/2022\/05\/escalda-belcaire.jpeg","width":448,"height":336,"caption":"Escalada"},{"@type":"BreadcrumbList","@id":"http:\/\/basaroca.com\/es\/escalada\/#breadcrumb","itemListElement":[{"@type":"ListItem","position":1,"name":"Basaroca Aventura","item":"http:\/\/basaroca.com\/"},{"@type":"ListItem","position":2,"name":"Escalada"}]},{"@type":"WebSite","@id":"http:\/\/basaroca.com\/es\/#website","url":"http:\/\/basaroca.com\/es\/","name":"Basaroca Aventura","description":"Empresa de deportes de aventura y ocio activo","publisher":{"@id":"http:\/\/basaroca.com\/es\/#organization"},"potentialAction":[{"@type":"SearchAction","target":{"@type":"EntryPoint","urlTemplate":"http:\/\/basaroca.com\/es\/?s={search_term_string}"},"query-input":{"@type":"PropertyValueSpecification","valueRequired":true,"valueName":"search_term_string"}}],"inLanguage":"es"},{"@type":"Organization","@id":"http:\/\/basaroca.com\/es\/#organization","name":"Basaroca Aventura","url":"http:\/\/basaroca.com\/es\/","logo":{"@type":"ImageObject","inLanguage":"es","@id":"http:\/\/basaroca.com\/es\/#\/schema\/logo\/image\/","url":"http:\/\/basaroca.com\/wp-content\/uploads\/2022\/04\/cropped-logo.png","contentUrl":"http:\/\/basaroca.com\/wp-content\/uploads\/2022\/04\/cropped-logo.png","width":600,"height":123,"caption":"Basaroca Aventura"},"image":{"@id":"http:\/\/basaroca.com\/es\/#\/schema\/logo\/image\/"},"sameAs":["https:\/\/www.facebook.com\/basaroca.aventura","https:\/\/x.com\/basarocaventura","https:\/\/www.instagram.com\/basarocaaventura\/"]}]}},"_links":{"self":[{"href":"http:\/\/basaroca.com\/es\/wp-json\/wp\/v2\/pages\/74","targetHints":{"allow":["GET"]}}],"collection":[{"href":"http:\/\/basaroca.com\/es\/wp-json\/wp\/v2\/pages"}],"about":[{"href":"http:\/\/basaroca.com\/es\/wp-json\/wp\/v2\/types\/page"}],"author":[{"embeddable":true,"href":"http:\/\/basaroca.com\/es\/wp-json\/wp\/v2\/users\/1"}],"replies":[{"embeddable":true,"href":"http:\/\/basaroca.com\/es\/wp-json\/wp\/v2\/comments?post=74"}],"version-history":[{"count":1,"href":"http:\/\/basaroca.com\/es\/wp-json\/wp\/v2\/pages\/74\/revisions"}],"predecessor-version":[{"id":81,"href":"http:\/\/basaroca.com\/es\/wp-json\/wp\/v2\/pages\/74\/revisions\/81"}],"wp:featuredmedia":[{"embeddable":true,"href":"http:\/\/basaroca.com\/es\/wp-json\/wp\/v2\/media\/76"}],"wp:attachment":[{"href":"http:\/\/basaroca.com\/es\/wp-json\/wp\/v2\/media?parent=74"}],"curies":[{"name":"wp","href":"https:\/\/api.w.org\/{rel}","templated":true}]}}